{"id":945,"date":"2022-02-03T15:45:15","date_gmt":"2022-02-03T14:45:15","guid":{"rendered":"http:\/\/masiatinet.com\/?page_id=945"},"modified":"2022-06-29T12:18:46","modified_gmt":"2022-06-29T10:18:46","slug":"politica-de-cookies","status":"publish","type":"page","link":"https:\/\/masiatinet.com\/en\/politica-de-cookies\/","title":{"rendered":"Cookies policy"},"content":{"rendered":"<div data-elementor-type=\"wp-page\" data-elementor-id=\"945\" class=\"elementor elementor-945\" data-elementor-post-type=\"page\">\n\t\t\t\t\t\t<section class=\"elementor-section elementor-top-section elementor-element elementor-element-9d527a1 elementor-section-boxed elementor-section-height-default elementor-section-height-default\" data-id=\"9d527a1\" data-element_type=\"section\" data-e-type=\"section\">\n\t\t\t\t\t\t<div class=\"elementor-container elementor-column-gap-default\">\n\t\t\t\t\t<div class=\"elementor-column elementor-col-100 elementor-top-column elementor-element elementor-element-9d4c9f3\" data-id=\"9d4c9f3\" data-element_type=\"column\" data-e-type=\"column\">\n\t\t\t<div class=\"elementor-widget-wrap elementor-element-populated\">\n\t\t\t\t\t\t<div class=\"elementor-element elementor-element-4c712a9 animated-slow elementor-invisible elementor-widget elementor-widget-heading\" data-id=\"4c712a9\" data-element_type=\"widget\" data-e-type=\"widget\" data-settings=\"{&quot;_animation&quot;:&quot;fadeIn&quot;}\" data-widget_type=\"heading.default\">\n\t\t\t\t<div class=\"elementor-widget-container\">\n\t\t\t\t\t<h1 class=\"elementor-heading-title elementor-size-default\">Cookies policy<\/h1>\t\t\t\t<\/div>\n\t\t\t\t<\/div>\n\t\t\t\t<div class=\"elementor-element elementor-element-9c11ccc animated-slow legal elementor-invisible elementor-widget elementor-widget-text-editor\" data-id=\"9c11ccc\" data-element_type=\"widget\" data-e-type=\"widget\" data-settings=\"{&quot;_animation&quot;:&quot;fadeIn&quot;,&quot;_animation_delay&quot;:300}\" data-widget_type=\"text-editor.default\">\n\t\t\t\t<div class=\"elementor-widget-container\">\n\t\t\t\t\t\t\t\t\t<h5><b>COOKIE INFORMATION<\/b><\/h5>\n<p><span style=\"font-weight: 400;\">In accordance with Law 34\/2002, of 11 July, on Information Society Services and Electronic Commerce (LSSI), in relation to Regulation (EU) 2016\/679 of the European Parliament and of the Council, of 27 April 2016, General Data Protection (GDPR) and Organic Law 3\/2018, of 5 December, on Data Protection and Guarantee of Digital Rights (LOPDGDD), is required to obtain the express consent of the user of all web pages that use dispensable cookies, before he browses through them.<\/span><\/p>\n<h5><b>WHAT ARE COOKIES?<\/b><\/h5>\n<p><span style=\"font-weight: 400;\">Les <\/span><i><span style=\"font-weight: 400;\">cookies <\/span><\/i><span style=\"font-weight: 400;\">and other similar technologies such as local shared objects, flash <\/span><i><span style=\"font-weight: 400;\">cookies <\/span><\/i><span style=\"font-weight: 400;\">or pixels, are tools used by Web servers to store and retrieve information about their visitors, as well as to provide a proper functioning of the site.<\/span><\/p>\n<p><span style=\"font-weight: 400;\">Using these devices allows the web server to remember certain data about the user, such as their preferences for viewing the pages of that server, name and password, products that interest them most, and so on.<\/span><\/p>\n<h5><b><i>COOKIES <\/i><\/b><b>AFFECTED BY REGULATIONS AND EXCEPTED COOKIES<\/b><\/h5>\n<p><span style=\"font-weight: 400;\">According to the EU directive, the <\/span><i><span style=\"font-weight: 400;\">cookies <\/span><\/i><span style=\"font-weight: 400;\">that require the informed consent of the user are the <\/span><i><span style=\"font-weight: 400;\">cookies <\/span><\/i><span style=\"font-weight: 400;\">analytical and advertising and affiliation, and those of a technical nature and those necessary for the operation of the website or the provision of services expressly requested by the user are excluded.<\/span><\/p>\n<p><\/p>\n<h5><b>TYPES OF COOKIES<\/b><\/h5>\n<p><span style=\"text-decoration: underline;\"><b>ACCORDING TO PURPOSE<\/b><\/span><\/p>\n<ul>\n<li><b><i>Cookies <\/i><\/b><b>technical and functional<\/b><span style=\"font-weight: 400;\">: are those that allow the user to navigate through a website, platform or application and use the different options or services available<\/span><i><span style=\"font-weight: 400;\">.<\/span><\/i><\/li>\n<li><b><i>Cookies <\/i><\/b><b>of analysis<\/b><span style=\"font-weight: 400;\">: these allow the person in charge of these to monitor and analyze the behavior of the users of the websites to which they are linked. The information collected through this type of <\/span><i><span style=\"font-weight: 400;\">cookies <\/span><\/i><span style=\"font-weight: 400;\">is used to measure the activity of websites, applications or platforms and to develop browsing profiles of users of these sites, applications and platforms, in order to introduce improvements based on the analysis of data use by service users.<\/span><\/li>\n<li><b><i>Cookies <\/i><\/b><b>Advertising: <\/b><span style=\"font-weight: 400;\">are those that allow you to manage, in the most effective way possible, the advertising spaces that, where appropriate, the publisher has included in a website, application or platform from which it provides the requested service according to criteria such as edited content or how often your ads show.<\/span><\/li>\n<li><b><i>Cookies <\/i><\/b><b>behavioral advertising<\/b>: collect information about the user&#039;s personal preferences and choices (<i>retargeting<\/i>) to allow you to manage, in the most efficient way possible, the advertising spaces that, where appropriate, the publisher has included in a website, application or platform from which it provides the requested service.<\/li>\n<li><b><i>Cookies <\/i><\/b><b>social<\/b><span style=\"font-weight: 400;\">: These are those that have been installed by social media platforms in the services to allow you to share content with your friends and networks. Social media platforms have the ability to track your online activity outside of the Services. This may affect the content and messages you see in other services you visit.<\/span><\/li>\n<li><b><i>Cookies <\/i><\/b><b>of affiliates<\/b><span style=\"font-weight: 400;\">: allow you to track visits from other websites, with which the website establishes an affiliate agreement (affiliate companies).<\/span><\/li>\n<li><b><i>Cookies <\/i><\/b><b>of security<\/b><span style=\"font-weight: 400;\">: Store encrypted information to prevent data stored on it from being vulnerable to malicious attacks by third parties.<\/span><\/li>\n<\/ul>\n<p><span style=\"text-decoration: underline;\"><b>ACCORDING TO THE PROPERTY<\/b><\/span><\/p>\n<ul>\n<li><b><i>Cookies <\/i><\/b><b>own<\/b><span style=\"font-weight: 400;\">: are those that are sent to the user&#039;s terminal equipment from a computer or domain managed by the publisher itself and from which the service requested by the user is provided.<\/span><\/li>\n<li><b><i>Cookies <\/i><\/b><b>from third parties: <\/b><span style=\"font-weight: 400;\">are those that are sent to the user&#039;s terminal equipment from a computer or domain that is not managed by the publisher, but by another entity that processes the data obtained through cookies.<\/span><\/li>\n<\/ul>\n<p><span style=\"text-decoration: underline;\"><b>ACCORDING TO THE CONSERVATION TERM<\/b><\/span><\/p>\n<ul>\n<li><b><i>Cookies <\/i><\/b><b>session: <\/b><span style=\"font-weight: 400;\">are a type of <\/span><i><span style=\"font-weight: 400;\">cookies <\/span><\/i><span style=\"font-weight: 400;\">designed to obtain and store data while the user is accessing a web page.<\/span><\/li>\n<li><b><i>Cookies <\/i><\/b><b>persistent: <\/b><span style=\"font-weight: 400;\">are a type of cookie in which the data is still stored in the terminal and can be accessed and processed for a period defined by the person in charge of the <\/span><i><span style=\"font-weight: 400;\">cookie<\/span><\/i><span style=\"font-weight: 400;\">, and last from a few minutes to several years.<\/span><\/li>\n<\/ul>\n<h5><b>PROCESSING OF PERSONAL DATA<\/b><\/h5>\n<p><span style=\"font-weight: 400;\">AGUSTI IGNACIO FABRA (MASIA TINET) is the <\/span><b>Responsible for treatment <\/b><span style=\"font-weight: 400;\">of the personal data of the<\/span><b>Interested <\/b><span style=\"font-weight: 400;\">and informs you that this data will be processed in accordance with the provisions of Regulation (EU) 2016\/679 of 27 April 2016 (GDPR), so the following information on the processing is provided:<\/span><\/p>\n<ul>\n<li><b>Purposes of treatment: <\/b><span style=\"font-weight: 400;\">as specified in section <\/span><i><span style=\"font-weight: 400;\">cookies <\/span><\/i><span style=\"font-weight: 400;\">which are used on this website.<\/span><\/li>\n<li><b>Legitimation of treatment<\/b><span style=\"font-weight: 400;\">: with the consent of the interested party (art. 6.1 GDPR).<\/span><\/li>\n<li><b>Data retention criteria<\/b><span style=\"font-weight: 400;\">: as specified in <\/span><i><span style=\"font-weight: 400;\">cookies <\/span><\/i><span style=\"font-weight: 400;\">used on the web.<\/span><\/li>\n<li><b>Data communication<\/b><span style=\"font-weight: 400;\">: the data will not be communicated to third parties, except in cookies owned by third parties or by legal obligation.<\/span><\/li>\n<\/ul>\n<h5><b>Rights of the interested party<\/b><span style=\"font-weight: 400;\">:<\/span><\/h5>\n<ul>\n<li style=\"font-weight: 400;\" aria-level=\"1\"><span style=\"font-weight: 400;\">Right to withdraw consent at any time.<\/span><\/li>\n<li><span style=\"font-weight: 400;\">Right of access, rectification, portability and deletion of your data and limitation or opposition to its processing.<\/span><\/li>\n<li style=\"font-weight: 400;\" aria-level=\"1\"><span style=\"font-weight: 400;\">Right to file a complaint with the Control Authority (www.aepd.es) if it considers that the treatment does not comply with current regulations.<\/span><\/li>\n<\/ul>\n<h5><b>Contact details to exercise your rights:<\/b><span style=\"font-weight: 400;\"><br><\/span><\/h5>\n<p><span style=\"font-weight: 400;\">AGUSTI IGNACIO FABRA (MASIA TINET). Barri lepanto, 13 - 43580 Deltebre (Tarragona). Email: <\/span><a href=\"mailto:tinetnoe@hotmail.com\"><span style=\"font-weight: 400;\">tinetnoe@hotmail.com<\/span><span style=\"font-weight: 400;\"><br><\/span><\/a><\/p>\n<h5><b>COOKIES USED ON THIS WEBSITE<\/b><\/h5>\n<table>\n<tbody>\n<tr>\n<td>\n<p><b>Property<\/b><\/p>\n<\/td>\n<td>\n<p><b>Cookie<\/b><\/p>\n<\/td>\n<td>\n<p><b>Purpose<\/b><\/p>\n<\/td>\n<td>\n<p><b>Deadline<\/b><\/p>\n<\/td>\n<\/tr>\n<tr>\n<td>\n<p><span style=\"font-weight: 400;\">masiatinet.com<\/span><\/p>\n<\/td>\n<td>\n<p><b>_ga<\/b><\/p>\n<\/td>\n<td>\n<p><span style=\"font-weight: 400;\">ID is used to identify users<\/span><\/p>\n<\/td>\n<td>\n<p><span style=\"font-weight: 400;\">in 2 years<\/span><\/p>\n<\/td>\n<\/tr>\n<tr>\n<td>\n<p><span style=\"font-weight: 400;\">masiatinet.com<\/span><\/p>\n<\/td>\n<td>\n<p><b>_gat<\/b><\/p>\n<\/td>\n<td>\n<p><span style=\"font-weight: 400;\">Used to monitor the number of requests to Google Analytics server when using Google Tag Manager<\/span><\/p>\n<\/td>\n<td>\n<p><span style=\"font-weight: 400;\">Session<\/span><\/p>\n<\/td>\n<\/tr>\n<tr>\n<td>\n<p><span style=\"font-weight: 400;\">masiatinet.com<\/span><\/p>\n<\/td>\n<td>\n<p><b>_gid<\/b><\/p>\n<\/td>\n<td>\n<p><span style=\"font-weight: 400;\">ID is used to identify users for 24 hours after the last activity<\/span><\/p>\n<\/td>\n<td>\n<p><span style=\"font-weight: 400;\">in 22 hours<\/span><\/p>\n<\/td>\n<\/tr>\n<\/tbody>\n<\/table>\n<p><span style=\"font-weight: 400;\">Third party services are beyond the control of the publisher. Providers may change their terms of service, purpose and use of cookies, etc. at any time.<\/span><\/p>\n<h5>&nbsp;<\/h5>\n<h5><b>External providers of this website:<\/b><\/h5>\n<table>\n<tbody>\n<tr>\n<td>\n<p><b>Editor<\/b><\/p>\n<\/td>\n<td>\n<p><b>Privacy policy<\/b><\/p>\n<\/td>\n<\/tr>\n<tr>\n<td>\n<p><span style=\"font-weight: 400;\">Google Analytics<\/span><\/p>\n<\/td>\n<td>\n<p><a href=\"https:\/\/safety.google\/\" target=\"_blank\" rel=\"noopener\">https:\/\/safety.google\/<\/a><br><\/p>\n<\/td>\n<\/tr>\n<\/tbody>\n<\/table>\n<p><span style=\"font-weight: 400;\">From this panel you can configure the cookies that the website may install in your browser, except for the technical or functional cookies that are necessary for browsing and using the different options or services offered.<\/span><\/p>\n<p><span style=\"font-weight: 400;\">Cookies panel<\/span><\/p>\n<table>\n<tbody>\n<tr>\n<td colspan=\"2\">\n<p><b>HOW TO MANAGE COOKIES FROM YOUR BROWSER<\/b><\/p>\n<\/td>\n<\/tr>\n<tr>\n<td>\n<p><b>Delete cookies from your device<\/b><\/p>\n<\/td>\n<td>\n<p><span style=\"font-weight: 400;\">Cookies already on a device can be deleted by clearing your browser history, so that cookies are deleted from all websites you visit.<\/span><\/p>\n<p><span style=\"font-weight: 400;\">However, some saved information may also be lost (for example, login data or website preferences).<\/span><\/p>\n<\/td>\n<\/tr>\n<\/tbody>\n<\/table>\n<table>\n<tbody>\n<tr>\n<td colspan=\"2\">\n<p><b>Manage site-specific cookies<\/b><\/p>\n<\/td>\n<td>\n<p><span style=\"font-weight: 400;\">For more precise control of site-specific cookies, users can adjust their privacy and cookie settings in their browser.<\/span><\/p>\n<\/td>\n<\/tr>\n<tr>\n<td colspan=\"2\">\n<p><b>Block cookies<\/b><\/p>\n<\/td>\n<td>\n<p><span style=\"font-weight: 400;\">Although most modern browsers can be configured to prevent cookies from being installed on devices, this may require you to manually set certain preferences each time you visit a site or page. In addition, some services and features may not work properly (for example, profile logins).<\/span><\/p>\n<\/td>\n<\/tr>\n<tr>\n<td colspan=\"3\">\n<p><b>HOW TO REMOVE COOKIES FROM THE MOST COMMON BROWSERS<\/b><\/p>\n<\/td>\n<\/tr>\n<tr>\n<td>\n<p><b>Chrome<\/b><\/p>\n<\/td>\n<td colspan=\"2\">\n<p><a href=\"https:\/\/support.google.com\/chrome\/answer\/95647?hl=es\" target=\"_blank\" rel=\"noopener\">https:\/\/support.google.com\/chrome\/answer\/95647?hl=es<\/a><br><\/p>\n<\/td>\n<\/tr>\n<tr>\n<td>\n<p><b>Edge<\/b><\/p>\n<\/td>\n<td colspan=\"2\">\n<p><a href=\"https:\/\/support.microsoft.com\/es-es\/microsoft-edge\/eliminar-las-cookies-en-microsoft-edge-63947406-40ac-c3b8-57b9-2a946a29ae09\" target=\"_blank\" rel=\"noopener\"><span style=\"font-weight: 400;\">https:\/\/support.microsoft.com\/es-es\/microsoft-edge\/eliminar-las-cookies-en-microsoft-edge-63947406-40ac-c3b8-57b9-2a946a29ae09<\/span><\/a><\/p>\n<\/td>\n<\/tr>\n<tr>\n<td>\n<p><b>Explorer<\/b><\/p>\n<\/td>\n<td colspan=\"2\">\n<p><a href=\"https:\/\/support.microsoft.com\/es-es\/topic\/c%C3%B3mo-eliminar-archivos-de-cookies-en-internet-explorer-bca9446f-d873-78de-77ba-d42645fa52fc\" target=\"_blank\" rel=\"noopener\">https:\/\/support.microsoft.com\/es-es\/topic\/c%C3%B3mo-eliminar-archivos-de-cookies-en-internet-explorer-bca9446f-d873-78de-77ba-d42645fa52fc<\/a><br><\/p>\n<\/td>\n<\/tr>\n<tr>\n<td>\n<p><b>Firefox<\/b><\/p>\n<\/td>\n<td colspan=\"2\">\n<p><a href=\"https:\/\/www.mozilla.org\/es-ES\/privacy\/websites\/#cookies\" target=\"_blank\" rel=\"noopener\"><span style=\"font-weight: 400;\">https:\/\/www.mozilla.org\/es-ES\/privacy\/websites\/#cookies<\/span><\/a><\/p>\n<\/td>\n<\/tr>\n<tr>\n<td>\n<p><b>Safari<\/b><\/p>\n<\/td>\n<td colspan=\"2\">\n<p><a href=\"https:\/\/support.apple.com\/es-es\/guide\/safari\/sfri11471\/mac\" target=\"_blank\" rel=\"noopener\"><span style=\"font-weight: 400;\">https:\/\/support.apple.com\/es-es\/guide\/safari\/sfri11471\/mac<\/span><\/a><\/p>\n<\/td>\n<\/tr>\n<tr>\n<td>\n<p><b>Opera<\/b><\/p>\n<\/td>\n<td colspan=\"2\">\n<p><a href=\"https:\/\/help.opera.com\/en\/latest\/security-and-privacy\/#clearBrowsingData\" target=\"_blank\" rel=\"noopener\"><span style=\"font-weight: 400;\">https:\/\/help.opera.com\/en\/latest\/security-and-privacy\/#clearBrowsingData<\/span><\/a><\/p>\n<\/td>\n<\/tr>\n<\/tbody>\n<\/table>\t\t\t\t\t\t\t\t<\/div>\n\t\t\t\t<\/div>\n\t\t\t\t\t<\/div>\n\t\t<\/div>\n\t\t\t\t\t<\/div>\n\t\t<\/section>\n\t\t\t\t<\/div>","protected":false},"excerpt":{"rendered":"<p>Pol\u00edtica de cookies INFORMACI\u00d3 SOBRE COOKIES D\u2019acord amb la Llei 34\/2002, de 11 de juliol, de serveis de la societat de la informaci\u00f3 i de comer\u00e7 electr\u00f2nic (LSSI), en relaci\u00f3 amb el Reglament (UE) 2016\/679 de el Parlament Europeu i de Consell, de 27 de abril de 2016, General de Protecci\u00f3 de Dades (GDPR) i [&hellip;]<\/p>\n","protected":false},"author":1,"featured_media":0,"parent":0,"menu_order":0,"comment_status":"closed","ping_status":"closed","template":"elementor_header_footer","meta":{"_acf_changed":false,"_joinchat":[],"footnotes":""},"class_list":["post-945","page","type-page","status-publish","hentry"],"acf":[],"_links":{"self":[{"href":"https:\/\/masiatinet.com\/en\/wp-json\/wp\/v2\/pages\/945","targetHints":{"allow":["GET"]}}],"collection":[{"href":"https:\/\/masiatinet.com\/en\/wp-json\/wp\/v2\/pages"}],"about":[{"href":"https:\/\/masiatinet.com\/en\/wp-json\/wp\/v2\/types\/page"}],"author":[{"embeddable":true,"href":"https:\/\/masiatinet.com\/en\/wp-json\/wp\/v2\/users\/1"}],"replies":[{"embeddable":true,"href":"https:\/\/masiatinet.com\/en\/wp-json\/wp\/v2\/comments?post=945"}],"version-history":[{"count":14,"href":"https:\/\/masiatinet.com\/en\/wp-json\/wp\/v2\/pages\/945\/revisions"}],"predecessor-version":[{"id":1208,"href":"https:\/\/masiatinet.com\/en\/wp-json\/wp\/v2\/pages\/945\/revisions\/1208"}],"wp:attachment":[{"href":"https:\/\/masiatinet.com\/en\/wp-json\/wp\/v2\/media?parent=945"}],"curies":[{"name":"wp","href":"https:\/\/api.w.org\/{rel}","templated":true}]}}