{"id":951,"date":"2022-02-03T16:00:32","date_gmt":"2022-02-03T15:00:32","guid":{"rendered":"http:\/\/masiatinet.com\/?page_id=951"},"modified":"2022-06-29T12:21:31","modified_gmt":"2022-06-29T10:21:31","slug":"politica-de-privacitat-rrss","status":"publish","type":"page","link":"https:\/\/masiatinet.com\/en\/politica-de-privacitat-rrss\/","title":{"rendered":"Privacy Policy of social networks"},"content":{"rendered":"<div data-elementor-type=\"wp-page\" data-elementor-id=\"951\" class=\"elementor elementor-951\" data-elementor-post-type=\"page\">\n\t\t\t\t\t\t<section class=\"elementor-section elementor-top-section elementor-element elementor-element-39e02f5 elementor-section-boxed elementor-section-height-default elementor-section-height-default\" data-id=\"39e02f5\" data-element_type=\"section\" data-e-type=\"section\">\n\t\t\t\t\t\t<div class=\"elementor-container elementor-column-gap-default\">\n\t\t\t\t\t<div class=\"elementor-column elementor-col-100 elementor-top-column elementor-element elementor-element-8933bf9\" data-id=\"8933bf9\" data-element_type=\"column\" data-e-type=\"column\">\n\t\t\t<div class=\"elementor-widget-wrap elementor-element-populated\">\n\t\t\t\t\t\t<div class=\"elementor-element elementor-element-a593e22 animated-slow elementor-invisible elementor-widget elementor-widget-heading\" data-id=\"a593e22\" data-element_type=\"widget\" data-e-type=\"widget\" data-settings=\"{&quot;_animation&quot;:&quot;fadeIn&quot;}\" data-widget_type=\"heading.default\">\n\t\t\t\t<div class=\"elementor-widget-container\">\n\t\t\t\t\t<h1 class=\"elementor-heading-title elementor-size-default\">RRSS: PRIVACY Policy<\/h1>\t\t\t\t<\/div>\n\t\t\t\t<\/div>\n\t\t\t\t<div class=\"elementor-element elementor-element-9ed6522 elementor-widget elementor-widget-text-editor\" data-id=\"9ed6522\" data-element_type=\"widget\" data-e-type=\"widget\" data-widget_type=\"text-editor.default\">\n\t\t\t\t<div class=\"elementor-widget-container\">\n\t\t\t\t\t\t\t\t\t<p class=\"p1\">SOCIAL NETWORK PRIVACY POLICY<\/p>\t\t\t\t\t\t\t\t<\/div>\n\t\t\t\t<\/div>\n\t\t\t\t<div class=\"elementor-element elementor-element-596f34e animated-slow legal elementor-invisible elementor-widget elementor-widget-text-editor\" data-id=\"596f34e\" data-element_type=\"widget\" data-e-type=\"widget\" data-settings=\"{&quot;_animation&quot;:&quot;fadeIn&quot;,&quot;_animation_delay&quot;:300}\" data-widget_type=\"text-editor.default\">\n\t\t\t\t<div class=\"elementor-widget-container\">\n\t\t\t\t\t\t\t\t\t<ul><li aria-level=\"1\"><h5><b>USER INFORMATION<\/b><\/h5><\/li><\/ul><h6>\u00a0<\/h6><h5><b>Who is responsible for the processing of your personal data?<\/b><\/h5><p><span style=\"font-weight: 400;\">AGUSTI IGNACIO FABRA (MASIA TINET), hereinafter, the <\/span><b>RESPONSIBLE, <\/b><span style=\"font-weight: 400;\">inform the<\/span><b>USERS <\/b><span style=\"font-weight: 400;\">who has proceeded to create a profile on the social networks Facebook, Instagram, Twitter, LinkedIn, Youtube, Vimeo and Google+, which is responsible for the processing of personal data of the user that takes place on these social networks and l informs that these data will be processed in accordance with the provisions of Regulation (EU) 2016\/679 of 27 April (GDPR) and Organic Law 3\/2018 of 5 December (LOPDGDD), which The following treatment information is provided:<\/span><\/p><h5>\u00a0<\/h5><h5><b>Why do we process your personal data?<\/b><\/h5><p><span style=\"text-decoration: underline;\"><b>Purpose of treatment<\/b><\/span><span style=\"font-weight: 400;\">: maintain a relationship between the USER and the RESPONSIBLE which may include the following operations: Process requests and queries raised to the person in charge<\/span><\/p><p><span style=\"font-weight: 400;\">Report on activities and events organized by the person in charge Report on products or services offered by the person in charge Interact through the official profiles<\/span><\/p><h5>\u00a0<\/h5><h5><b>Why can we process your personal data?<\/b><\/h5><p><span style=\"text-decoration: underline;\"><b>Legal basis of the treatment<\/b><\/span><span style=\"font-weight: 400;\">: Article 6.1.a GDPR, the data subject has given his consent for the processing of his personal data for one or more specific purposes. The user has a profile on the same social network and has decided to join the social network of the RESPONSIBLE, showing interest in the information that is published, therefore, when requesting to follow our official profiles, provide us with consent for the processing of personal data published in your profile.<\/span><\/p><p><span style=\"font-weight: 400;\">The USER can access at any time the privacy policies of the same social network, and configure their profile to ensure their privacy.<\/span><\/p><p><span style=\"font-weight: 400;\">The RESPONSIBLE has access to and processes the USER&#039;s public information, especially his contact name. This data is only used within the social network itself and will only be incorporated into a file of the RESPONSIBLE when necessary to process the USER&#039;s request.<\/span><\/p><h5>\u00a0<\/h5><h5><b>How long will we keep your personal data?<\/b><\/h5><p><span style=\"text-decoration: underline;\"><b>Data retention criteria<\/b><\/span><span style=\"font-weight: 400;\">: will be retained until the USER revokes the consent given as indicated in this privacy policy.<\/span><\/p><h5>\u00a0<\/h5><h5><b>Who do we provide your personal data to?<\/b><\/h5><p><span style=\"text-decoration: underline;\"><b>Data communication<\/b><\/span><span style=\"font-weight: 400;\">: the information provided by the user through the social networks of the RESPONSIBLE, including their personal data, may be published, always depending on the services that the USER uses, so that it may be made available to others third party social media users. From the profile of each social network, the USER can configure the information they want to make public in each case, see the permissions that have been granted, delete or deactivate them, such as any third-party application that already do not want to use.<\/span><\/p><p><span style=\"font-weight: 400;\">No communication of personal data to third parties outside the social network is provided except, if it is essential for the development and execution of the purposes of the processing, to our service providers related to communications, with <\/span><span style=\"font-weight: 400;\">which the RESPONSIBLE has formalized the contracts of confidentiality and in charge of treatment required by the current regulations of privacy.<\/span><\/p><h5>\u00a0<\/h5><h5><b>What are your rights?<\/b><\/h5><p><span style=\"text-decoration: underline;\"><b>Rights of the user<\/b><\/span><span style=\"font-weight: 400;\">: may only be exercised in relation to the information under the control of the RESPONSIBLE. Right to withdraw consent at any time<\/span><\/p><p><span style=\"font-weight: 400;\">Right of access, rectification, portability and deletion of your data and limitation or opposition to its processing<\/span><\/p><p><span style=\"font-weight: 400;\">Right to file a complaint with the control authority (www.aepd.es) if it considers that the treatment does not comply with current regulations<\/span><\/p><h5>\u00a0<\/h5><p><span style=\"text-decoration: underline;\"><b>Contact details to exercise your rights<\/b><span style=\"font-weight: 400;\">:<\/span><\/span><\/p><p><span style=\"font-weight: 400;\">AGUSTI IGNACIO FABRA (MASIA TINET). Barri lepanto, 13 - 43580 Deltebre (Tarragona). Email: <\/span><a href=\"mailto:tinetnoe@hotmail.com\"><span style=\"font-weight: 400;\">tinetnoe@hotmail.com<\/span><\/a><\/p><h5><br \/><b><\/b><\/h5><ul><li aria-level=\"1\"><h5><b>USE OF PROFILE<\/b><\/h5><\/li><\/ul><p><span style=\"font-weight: 400;\">The MANAGER will perform the following actions: Access to public profile information <\/span><span style=\"font-weight: 400;\">Publication in the profile of the USER of all that information already published in the social network of the RESPONSIBLE Send personal and individual messages through the channels of the social network<\/span><\/p><p><span style=\"font-weight: 400;\">Page status updates that will be posted to the USER profile<\/span><\/p><p><span style=\"font-weight: 400;\">The USER can always control their connections, remove content that no longer interests them and restrict who they share their connections with; therefore you will need to access your privacy settings.<\/span><\/p><h5><br \/><br \/><b><\/b><\/h5><ul><li aria-level=\"1\"><h5><b>PUBLICATIONS<\/b><\/h5><\/li><\/ul><h5>\u00a0<\/h5><p><span style=\"font-weight: 400;\">The USER, once a follower or has joined the RESPONSIBLE&#039;s social network, may post comments, links, images, photographs or any other type of multimedia content supported by the network. The USER, in all cases, must be the owner of the published content, enjoy the copyright and intellectual property rights or have the consent of the affected third parties.<\/span><\/p><p><span style=\"font-weight: 400;\">Any posting on the social network, whether text, graphics, photographs, videos, etc., is expressly prohibited. that attack or are likely to violate morals, ethics, good taste or decorum, and \/ or that infringe or violate intellectual or industrial property rights, the right to image or the law.<\/span><\/p><p><span style=\"font-weight: 400;\">In these cases, the RESPONSIBLE reserves the right to immediately remove the content, without prior notice, and may request the permanent blocking of the USER.<\/span><\/p><p><span style=\"font-weight: 400;\">The RESPONSIBLE will not be held responsible for the contents freely published by a USER.<\/span><\/p><p><span style=\"font-weight: 400;\">The USER must keep in mind that his posts will be viewed by other users, so that he himself is primarily responsible for their privacy.<\/span><\/p><p><span style=\"font-weight: 400;\">Images that may be posted on the social network will not be stored in any file by the RESPONSIBLE, but they will remain on the social network.<\/span><\/p><h5><br \/><br \/><b><\/b><\/h5><ul><li aria-level=\"1\"><h5><b>DATA OF MINORS OR PERSONS WITH SPECIAL CAPABILITIES<\/b><span style=\"font-weight: 400;\"><br \/><\/span><\/h5><\/li><\/ul><p><span style=\"font-weight: 400;\">Children under the age of 18 are prohibited from accessing and registering on the RESPONSIBLE&#039;s social networks. On the other hand, if the USER has special abilities, the intervention of the holder of his parental authority or guardianship, or of his legal representative will be necessary by means of a valid document that accredits the representation.<\/span><\/p><p><span style=\"font-weight: 400;\">The RESPONSIBLE is expressly exempt from any liability that may arise from the use of social networks by minors or people with special abilities. The RESPONSIBLE&#039;s social networks do not knowingly collect any personal information of minors, therefore, if the USER is a minor, he \/ she must not register, use the RESPONSIBLE&#039;s social networks or provide any personal information. .<\/span><\/p><h5><br \/><br \/><\/h5>\t\t\t\t\t\t\t\t<\/div>\n\t\t\t\t<\/div>\n\t\t\t\t\t<\/div>\n\t\t<\/div>\n\t\t\t\t\t<\/div>\n\t\t<\/section>\n\t\t\t\t<\/div>","protected":false},"excerpt":{"rendered":"<p>RRSS: Pol\u00edtica de PRIVACITAT POL\u00cdTICA DE PRIVACITAT XARXES SOCIALS INFORMACI\u00d3 A L\u2019USUARI &nbsp; Qui \u00e9s el responsable del tractament de les teves dades personals? AGUSTI IGNACIO FABRA (MASIA TINET), d\u2019ara endavant, el RESPONSABLE, informa l\u2019USUARI que ha procedit a crear un perfil a les xarxes socials Facebook, Instagram, Twitter, LinkedIn, Youtube, Vimeo i Google+, que [&hellip;]<\/p>\n","protected":false},"author":1,"featured_media":0,"parent":0,"menu_order":0,"comment_status":"closed","ping_status":"closed","template":"elementor_header_footer","meta":{"_acf_changed":false,"_joinchat":[],"footnotes":""},"class_list":["post-951","page","type-page","status-publish","hentry"],"acf":[],"_links":{"self":[{"href":"https:\/\/masiatinet.com\/en\/wp-json\/wp\/v2\/pages\/951","targetHints":{"allow":["GET"]}}],"collection":[{"href":"https:\/\/masiatinet.com\/en\/wp-json\/wp\/v2\/pages"}],"about":[{"href":"https:\/\/masiatinet.com\/en\/wp-json\/wp\/v2\/types\/page"}],"author":[{"embeddable":true,"href":"https:\/\/masiatinet.com\/en\/wp-json\/wp\/v2\/users\/1"}],"replies":[{"embeddable":true,"href":"https:\/\/masiatinet.com\/en\/wp-json\/wp\/v2\/comments?post=951"}],"version-history":[{"count":5,"href":"https:\/\/masiatinet.com\/en\/wp-json\/wp\/v2\/pages\/951\/revisions"}],"predecessor-version":[{"id":1210,"href":"https:\/\/masiatinet.com\/en\/wp-json\/wp\/v2\/pages\/951\/revisions\/1210"}],"wp:attachment":[{"href":"https:\/\/masiatinet.com\/en\/wp-json\/wp\/v2\/media?parent=951"}],"curies":[{"name":"wp","href":"https:\/\/api.w.org\/{rel}","templated":true}]}}