{"id":64,"date":"2022-01-20T14:41:00","date_gmt":"2022-01-20T13:41:00","guid":{"rendered":"http:\/\/masiatinet.com\/?page_id=64"},"modified":"2022-06-29T12:19:36","modified_gmt":"2022-06-29T10:19:36","slug":"politica-de-privacitat","status":"publish","type":"page","link":"https:\/\/masiatinet.com\/es\/politica-de-privacitat\/","title":{"rendered":"Pol\u00edtica de Privacidad"},"content":{"rendered":"<div data-elementor-type=\"wp-page\" data-elementor-id=\"64\" class=\"elementor elementor-64\" data-elementor-post-type=\"page\">\n\t\t\t\t\t\t<section class=\"elementor-section elementor-top-section elementor-element elementor-element-c941881 elementor-section-boxed elementor-section-height-default elementor-section-height-default\" data-id=\"c941881\" data-element_type=\"section\" data-e-type=\"section\">\n\t\t\t\t\t\t<div class=\"elementor-container elementor-column-gap-default\">\n\t\t\t\t\t<div class=\"elementor-column elementor-col-100 elementor-top-column elementor-element elementor-element-ad4b558\" data-id=\"ad4b558\" data-element_type=\"column\" data-e-type=\"column\">\n\t\t\t<div class=\"elementor-widget-wrap elementor-element-populated\">\n\t\t\t\t\t\t<div class=\"elementor-element elementor-element-2779308 animated-slow elementor-invisible elementor-widget elementor-widget-heading\" data-id=\"2779308\" data-element_type=\"widget\" data-e-type=\"widget\" data-settings=\"{&quot;_animation&quot;:&quot;fadeIn&quot;}\" data-widget_type=\"heading.default\">\n\t\t\t\t<div class=\"elementor-widget-container\">\n\t\t\t\t\t<h1 class=\"elementor-heading-title elementor-size-default\">Pol\u00edtica de Privacidad<\/h1>\t\t\t\t<\/div>\n\t\t\t\t<\/div>\n\t\t\t\t<div class=\"elementor-element elementor-element-4df0f98 animated-slow legal elementor-invisible elementor-widget elementor-widget-text-editor\" data-id=\"4df0f98\" data-element_type=\"widget\" data-e-type=\"widget\" data-settings=\"{&quot;_animation&quot;:&quot;fadeIn&quot;,&quot;_animation_delay&quot;:300}\" data-widget_type=\"text-editor.default\">\n\t\t\t\t<div class=\"elementor-widget-container\">\n\t\t\t\t\t\t\t\t\t<ul><li aria-level=\"1\"><h5><b>INFORMACI\u00d3N PARA EL USUARIO<\/b><\/h5><\/li><\/ul><p>\u00a0<\/p><h5><b>\u00bfQui\u00e9n es el responsable del tratamiento de tus datos personales?<\/b><\/h5><p>\u00a0<\/p><p><b>AGUSTI IGNACIO FABRA (MASIA TINET) <\/b><span style=\"font-weight: 400;\">es el RESPONSABLE del tratamiento de los datos personales del USUARIO y le informa que estos datos se tratar\u00e1n de conformidad con lo que establece el Reglamento (UE) 2016\/679, de 27 de abril (GDPR), y la Ley Org\u00e1nica 3\/2018, de 5 de diciembre (LOPDGDD).<\/span><\/p><p>\u00a0<\/p><h5><b>\u00bfPara qu\u00e9 tratamos tus datos personales y por qu\u00e9 lo hacemos?<\/b><\/h5><p>\u00a0<\/p><p><span style=\"font-weight: 400;\">Seg\u00fan el formulario donde hayamos obtenido sus datos personales, los trataremos de manera confidencial para alcanzar las siguientes finalidades:<br \/><br \/><\/span><\/p><h5><span style=\"font-weight: 400;\">En el formulario <\/span><b>Contacto<\/b><\/h5><ul><li><span style=\"font-weight: 400;\">Dar respuesta a las consultas o cualquier tipo de petici\u00f3n que realice el usuario a trav\u00e9s de cualquiera de las formas de contacto que se ponen a su disposici\u00f3n en la p\u00e1gina web del responsable. <\/span><span style=\"font-weight: 400;\">(<\/span><i><span style=\"font-weight: 400;\">por el inter\u00e9s leg\u00edtimo de lo responsable, art. 6.1.f GDPR<\/span><\/i><span style=\"font-weight: 400;\">) <\/span><\/li><li><span style=\"font-weight: 400;\">Efectuar an\u00e1lisis estad\u00edsticos y estudios de mercado. (<\/span><i><span style=\"font-weight: 400;\">por el inter\u00e9s leg\u00edtimo de lo responsable, art. 6.1.f GDPR<\/span><\/i><span style=\"font-weight: 400;\">)<\/span><\/li><\/ul><h5>\u00a0<\/h5><h5><span style=\"font-weight: 400;\">En el formulario <\/span><b>Reservas<\/b><\/h5><ul><li><span style=\"font-weight: 400;\">Formalizar reservas en el establecimiento del responsable. <\/span><span style=\"font-weight: 400;\">(<\/span><i><span style=\"font-weight: 400;\">para la ejecuci\u00f3n de un contrato o precontrato, 6.1.b GDPR<\/span><\/i><span style=\"font-weight: 400;\">)<\/span><\/li><li><span style=\"font-weight: 400;\">Enviar comunicaciones comerciales publicitarias por e-mail, fax, SMS, MMS, redes sociales o cualquier otro medio electr\u00f3nico o f\u00edsico, presente o futuro a clientes, que permita efectuar comunicaciones comerciales referentes a productos o servicios que sean similares a los que inicialmente fueron objeto de contrataci\u00f3n con el cliente (art. <\/span><span style=\"font-weight: 400;\">21.2 LSSI). <\/span><span style=\"font-weight: 400;\">(<\/span><i><span style=\"font-weight: 400;\">por el inter\u00e9s leg\u00edtimo de lo responsable, art. 6.1.f GDPR<\/span><\/i><span style=\"font-weight: 400;\">) <\/span><\/li><\/ul><h5>\u00a0<\/h5><h5><span style=\"font-weight: 400;\">En el formulario <\/span><b>E-commerce<\/b><\/h5><ul><li><span style=\"font-weight: 400;\">Gestionar compras online de acuerdo a los T\u00e9rminos y Condiciones de contrataci\u00f3n. (<\/span><i><span style=\"font-weight: 400;\">para la ejecuci\u00f3n de un contrato o precontrato, 6.1.b GDPR<\/span><\/i><span style=\"font-weight: 400;\">)<\/span><\/li><li><span style=\"font-weight: 400;\">Gestionar, mantener, mejorar o desarrollar los servicios proporcionados. (<\/span><i><span style=\"font-weight: 400;\">para la ejecuci\u00f3n de un contrato o precontrato, 6.1.b GDPR<\/span><\/i><span style=\"font-weight: 400;\">)<\/span><\/li><li><span style=\"font-weight: 400;\">Realizar encuestas de satisfacci\u00f3n y calidad. <\/span>(<i><span>por el inter\u00e9s leg\u00edtimo de lo responsable, art. 6.1.f GDPR<\/span><\/i><span>)<\/span><\/li><\/ul><p>\u00a0<\/p><h5><b>\u00bfDurante cu\u00e1nto tiempo guardaremos tus datos personales?<\/b><\/h5><p><span style=\"font-weight: 400;\">Se conservar\u00e1n durante no m\u00e1s tiempo del necesario para mantener la finalidad del tratamiento o mientras haya prescripciones legales que dictaminen su custodia y cuando ya no sea necesario por este motivo, se suprimir\u00e1n con medidas de seguridad adecuadas para garantizar que los datos sean anonimizados o totalmente destruidas.<\/span><\/p><p>\u00a0<\/p><h5><b>\u00bfA qui\u00e9n facilitamos sus datos personales?<\/b><\/h5><p><span style=\"font-weight: 400;\">No se prev\u00e9 ninguna comunicaci\u00f3n de datos personales a terceros excepto si fuera necesario para el desarrollo y ejecuci\u00f3n de las finalidades del tratamiento, a nuestros proveedores de servicios relacionados con comunicaciones, con los que el RESPONSABLE debe <\/span><span style=\"font-weight: 400;\">formalizado los contratos de confidencialidad y encargado de tratamiento exigidos por la normativa vigente de privacidad.<\/span><\/p><p>\u00a0<\/p><h5><b>\u00bfCu\u00e1les son tus derechos?<\/b><\/h5><p><span style=\"font-weight: 400;\">Los derechos que tiene el USUARIO son:<\/span><\/p><ul><li><span style=\"font-weight: 400;\">Derecho a retirar su consentimiento en cualquier momento.<\/span><\/li><li><span style=\"font-weight: 400;\">Derecho de acceso, rectificaci\u00f3n, portabilidad y supresi\u00f3n de sus datos y de limitaci\u00f3n u oposici\u00f3n a su tratamiento.<\/span><\/li><li><span style=\"font-weight: 400;\">Derecho a presentar reclamaci\u00f3n ante la autoridad de control (www.aepd.es) si considera que el tratamiento no se ajusta a la normativa vigente.<\/span><\/li><\/ul><p>\u00a0<\/p><h5><b>Datos de contacto para ejercer sus derechos<\/b><span style=\"font-weight: 400;\">:<\/span><\/h5><p><span style=\"font-weight: 400;\">AGUSTI IGNACIO FABRA (MASIA TINET). Barrio lamiendo, 13 \u2013 43580 Deltebre (Tarragona). E-mail: <\/span><a href=\"mailto:tinetnoe@hotmail.com\"><span style=\"font-weight: 400;\">tinetnoe@hotmail.com<\/span><\/a><\/p><p><br \/><br \/><b><\/b><\/p><ul><li aria-level=\"1\"><h5><b>CAR\u00c1CTER OBLIGATORIO O FACULTATIVO DE LA INFORMACI\u00d3N FACILITADA POR EL USUARIO<\/b><\/h5><\/li><\/ul><p><span style=\"font-weight: 400;\">Los USUARIOS, por medio de las casillas correspondientes y la introducci\u00f3n de datos en los campos, marcados con el asterisco (*) en el formulario de contacto o presentados en formularios de descarga, aceptan expresamente y de forma libre e inequ\u00edvoca, que sus datos son necesarios para atender su petici\u00f3n, por parte del prestamista, y que por tanto la inclusi\u00f3n de los datos en los campos restantes es voluntaria. El USUARIO garantiza que los datos personales facilitados al RESPONSABLE son ver\u00eddicos y se hace responsable de comunicar cualquier modificaci\u00f3n.<\/span><\/p><p><span style=\"font-weight: 400;\">El RESPONSABLE informa que todos los datos solicitados a trav\u00e9s del sitio web son obligatorios, puesto que son necesarios para la prestaci\u00f3n de un servicio \u00f3ptimo al USUARIO. En caso de que no se faciliten todos los datos, no se garantiza que la informaci\u00f3n y servicios facilitados se ajusten completamente a sus necesidades.<\/span><\/p><p><br \/><b><\/b><\/p><ul><li aria-level=\"1\"><h5><b>MEDIDAS DE SEGURIDAD<\/b><\/h5><\/li><\/ul><p><span style=\"font-weight: 400;\">Que, de conformidad con lo que establecen las normativas vigentes en protecci\u00f3n de datos personales, el RESPONSABLE est\u00e1 cumpliendo con todas las disposiciones de las normativas GDPR y LOPDGDD para el tratamiento de los datos personales de su responsabilidad, y manifiestamente con los principios descritos en el art\u00edculo 5 del GDPR, por los que se tratan de forma l\u00edcita, leal y transparente en relaci\u00f3n con el interesado y adecuadas, pertinentes y limitadas a lo necesario en relaci\u00f3n con las finalidades para las que se tratan.<\/span><\/p><p>\u00a0<\/p><p><span style=\"font-weight: 400;\">El RESPONSABLE garantiza que ha implementado pol\u00edticas t\u00e9cnicas y organizativas apropiadas para aplicar las medidas de seguridad establecidas por el GDPR y la LOPDGDD, con el fin de proteger los derechos y libertades de los USUARIOS y les ha comunicado la informaci\u00f3n adecuada para que puedan ejercerlos.<\/span><\/p><p>\u00a0<\/p><p><span style=\"font-weight: 400;\">Para m\u00e1s informaci\u00f3n sobre las garant\u00edas de privacidad, puedes dirigirte al RESPONSABLE a trav\u00e9s de AGUSTI IGNACIO FABRA (MASIA TINET). Barrio lamiendo, 13 \u2013 43580 Deltebre (Tarragona). E-mail: <\/span><a href=\"mailto:tinetnoe@hotmail.com\"><span style=\"font-weight: 400;\">tinetnoe@hotmail.com<\/span><\/a><\/p>\t\t\t\t\t\t\t\t<\/div>\n\t\t\t\t<\/div>\n\t\t\t\t\t<\/div>\n\t\t<\/div>\n\t\t\t\t\t<\/div>\n\t\t<\/section>\n\t\t\t\t<\/div>","protected":false},"excerpt":{"rendered":"<p>Pol\u00edtica de Privacitat INFORMACI\u00d3 PER A L\u2019USUARI Qui \u00e9s el responsable del tractament de les teves dades personals? AGUSTI IGNACIO FABRA (MASIA TINET) \u00e9s el RESPONSABLE del tractament de les dades personals de l\u2019USUARI i l\u2019informa que aquestes dades es tractaran de conformitat amb el que estableix el Reglament (UE) 2016\/679, de 27 d\u2019abril (GDPR), [&hellip;]<\/p>\n","protected":false},"author":1,"featured_media":0,"parent":0,"menu_order":0,"comment_status":"closed","ping_status":"closed","template":"elementor_header_footer","meta":{"_acf_changed":false,"_joinchat":[],"footnotes":""},"class_list":["post-64","page","type-page","status-publish","hentry"],"acf":[],"_links":{"self":[{"href":"https:\/\/masiatinet.com\/es\/wp-json\/wp\/v2\/pages\/64","targetHints":{"allow":["GET"]}}],"collection":[{"href":"https:\/\/masiatinet.com\/es\/wp-json\/wp\/v2\/pages"}],"about":[{"href":"https:\/\/masiatinet.com\/es\/wp-json\/wp\/v2\/types\/page"}],"author":[{"embeddable":true,"href":"https:\/\/masiatinet.com\/es\/wp-json\/wp\/v2\/users\/1"}],"replies":[{"embeddable":true,"href":"https:\/\/masiatinet.com\/es\/wp-json\/wp\/v2\/comments?post=64"}],"version-history":[{"count":8,"href":"https:\/\/masiatinet.com\/es\/wp-json\/wp\/v2\/pages\/64\/revisions"}],"predecessor-version":[{"id":1209,"href":"https:\/\/masiatinet.com\/es\/wp-json\/wp\/v2\/pages\/64\/revisions\/1209"}],"wp:attachment":[{"href":"https:\/\/masiatinet.com\/es\/wp-json\/wp\/v2\/media?parent=64"}],"curies":[{"name":"wp","href":"https:\/\/api.w.org\/{rel}","templated":true}]}}