{"id":945,"date":"2022-02-03T15:45:15","date_gmt":"2022-02-03T14:45:15","guid":{"rendered":"http:\/\/masiatinet.com\/?page_id=945"},"modified":"2022-06-29T12:18:46","modified_gmt":"2022-06-29T10:18:46","slug":"politica-de-cookies","status":"publish","type":"page","link":"https:\/\/masiatinet.com\/es\/politica-de-cookies\/","title":{"rendered":"Pol\u00edtica de cookies"},"content":{"rendered":"<div data-elementor-type=\"wp-page\" data-elementor-id=\"945\" class=\"elementor elementor-945\" data-elementor-post-type=\"page\">\n\t\t\t\t\t\t<section class=\"elementor-section elementor-top-section elementor-element elementor-element-9d527a1 elementor-section-boxed elementor-section-height-default elementor-section-height-default\" data-id=\"9d527a1\" data-element_type=\"section\" data-e-type=\"section\">\n\t\t\t\t\t\t<div class=\"elementor-container elementor-column-gap-default\">\n\t\t\t\t\t<div class=\"elementor-column elementor-col-100 elementor-top-column elementor-element elementor-element-9d4c9f3\" data-id=\"9d4c9f3\" data-element_type=\"column\" data-e-type=\"column\">\n\t\t\t<div class=\"elementor-widget-wrap elementor-element-populated\">\n\t\t\t\t\t\t<div class=\"elementor-element elementor-element-4c712a9 animated-slow elementor-invisible elementor-widget elementor-widget-heading\" data-id=\"4c712a9\" data-element_type=\"widget\" data-e-type=\"widget\" data-settings=\"{&quot;_animation&quot;:&quot;fadeIn&quot;}\" data-widget_type=\"heading.default\">\n\t\t\t\t<div class=\"elementor-widget-container\">\n\t\t\t\t\t<h1 class=\"elementor-heading-title elementor-size-default\">Pol\u00edtica de cookies<\/h1>\t\t\t\t<\/div>\n\t\t\t\t<\/div>\n\t\t\t\t<div class=\"elementor-element elementor-element-9c11ccc animated-slow legal elementor-invisible elementor-widget elementor-widget-text-editor\" data-id=\"9c11ccc\" data-element_type=\"widget\" data-e-type=\"widget\" data-settings=\"{&quot;_animation&quot;:&quot;fadeIn&quot;,&quot;_animation_delay&quot;:300}\" data-widget_type=\"text-editor.default\">\n\t\t\t\t<div class=\"elementor-widget-container\">\n\t\t\t\t\t\t\t\t\t<h5><b>INFORMACI\u00d3N SOBRE COOKIES<\/b><\/h5>\n<p><span style=\"font-weight: 400;\">De acuerdo con la Ley 34\/2002, de 11 de julio, de servicios de la sociedad de la informaci\u00f3n y de comercio electr\u00f3nico (LSSI), en relaci\u00f3n con el Reglamento (UE) 2016\/679 del Parlamento Europeo y de Consejo, de 27 de abril de 2016, General de Protecci\u00f3n de Datos (GDPR) y la Ley Org\u00e1nica 3\/2018, de 5 de diciembre, de Protecci\u00f3n de Datos y Garant\u00eda de los Derechos Digitales (LOPDGDD), es obligado obtener el consentimiento expreso del usuario de todas las p\u00e1ginas web que utilizan cookies prescindibles, antes de que \u00e9ste navegue por ellas.<\/span><\/p>\n<h5><b>\u00bfQU\u00c9 SON LAS COOKIES?<\/b><\/h5>\n<p><span style=\"font-weight: 400;\">Las <\/span><i><span style=\"font-weight: 400;\">cookies <\/span><\/i><span style=\"font-weight: 400;\">y otras tecnolog\u00edas similares como local shared objects, flash <\/span><i><span style=\"font-weight: 400;\">cookies <\/span><\/i><span style=\"font-weight: 400;\">o p\u00edxeles, son herramientas utilizadas por los servidores Web para almacenar y recuperar informaci\u00f3n sobre sus visitantes, as\u00ed como para ofrecer un correcto funcionamiento del sitio.<\/span><\/p>\n<p><span style=\"font-weight: 400;\">Mediante el uso de estos dispositivos se permite al servidor Web recordar algunos datos referentes al usuario, como sus preferencias para la visualizaci\u00f3n de las p\u00e1ginas de ese servidor, nombre y contrase\u00f1a, productos que m\u00e1s le interesan, etc.<\/span><\/p>\n<h5><b><i>COOKIES <\/i><\/b><b>AFECTADAS POR LA NORMATIVA Y COOKIES EXCEPTUADAS<\/b><\/h5>\n<p><span style=\"font-weight: 400;\">Seg\u00fan la directiva de la UE, las <\/span><i><span style=\"font-weight: 400;\">cookies <\/span><\/i><span style=\"font-weight: 400;\">que requieren el consentimiento informado por parte del usuario son las <\/span><i><span style=\"font-weight: 400;\">cookies <\/span><\/i><span style=\"font-weight: 400;\">anal\u00edticas y las de publicidad y afiliaci\u00f3n, quedando exceptuadas las de car\u00e1cter t\u00e9cnico y las necesarias para el funcionamiento del sitio web o la prestaci\u00f3n de servicios expresamente solicitados por el usuario.<\/span><\/p>\n<p><\/p>\n<h5><b>TIPO DE COOKIES<\/b><\/h5>\n<p><span style=\"text-decoration: underline;\"><b>SEG\u00daN LA FINALIDAD<\/b><\/span><\/p>\n<ul>\n<li><b><i>Cookies <\/i><\/b><b>t\u00e9cnicas y funcionales<\/b><span style=\"font-weight: 400;\">: son las que permiten al usuario navegar a trav\u00e9s de una p\u00e1gina web, plataforma o aplicaci\u00f3n y utilizar las diferentes opciones o servicios que haya<\/span><i><span style=\"font-weight: 400;\">.<\/span><\/i><\/li>\n<li><b><i>Cookies <\/i><\/b><b>de an\u00e1lisis<\/b><span style=\"font-weight: 400;\">: son las que permiten al responsable de \u00e9stas monitorizar y analizar el comportamiento de los usuarios de los sitios web a los que est\u00e1n vinculados. La informaci\u00f3n recogida mediante este tipo de <\/span><i><span style=\"font-weight: 400;\">cookies <\/span><\/i><span style=\"font-weight: 400;\">se utiliza en la medici\u00f3n de la actividad de los sitios web, aplicaci\u00f3n o plataforma y para elaborar perfiles de navegaci\u00f3n de los usuarios de estos sitios, aplicaciones y plataformas, a fin de introducir mejoras en funci\u00f3n del an\u00e1lisis de los datos de uso que hacen los usuarios del servicio.<\/span><\/li>\n<li><b><i>Cookies <\/i><\/b><b>publicitarias: <\/b><span style=\"font-weight: 400;\">son aquellas que permiten gestionar, de la forma m\u00e1s eficaz posible, los espacios publicitarios que, en su caso, el editor haya incluido en una p\u00e1gina web, aplicaci\u00f3n o plataforma desde la que presta el servicio solicitado seg\u00fan criterios como el contenido editado o la frecuencia en la que se muestran los anuncios.<\/span><\/li>\n<li><b><i>Cookies <\/i><\/b><b>de publicidad comportamental<\/b>: recogen informaci\u00f3n sobre las preferencias y elecciones personales del usuario (<i>retargeting<\/i>) para permitir gestionar, de la forma m\u00e1s eficaz posible, los espacios publicitarios que, en su caso, el editor haya incluido en una p\u00e1gina web, aplicaci\u00f3n o plataforma desde la que presta el servicio solicitado.<\/li>\n<li><b><i>Cookies <\/i><\/b><b>sociales<\/b><span style=\"font-weight: 400;\">: son aquellas que han sido instaladas por las plataformas de redes sociales en los servicios para permitirle compartir contenido con sus amigos y redes. Las plataformas de medios sociales tienen la capacidad de rastrear su actividad online fuera de los Servicios. Esto puede afectar al contenido y mensajes que ve en otros servicios que visite.<\/span><\/li>\n<li><b><i>Cookies <\/i><\/b><b>de afiliados<\/b><span style=\"font-weight: 400;\">: permiten realizar un seguimiento de las visitas procedentes de otras webs, con las que el sitio web establece un contrato de afiliaci\u00f3n (empresas de afiliaci\u00f3n).<\/span><\/li>\n<li><b><i>Cookies <\/i><\/b><b>de seguridad<\/b><span style=\"font-weight: 400;\">: almacenan informaci\u00f3n cifrada para evitar que los datos que se guardan sean vulnerables a ataques maliciosos de terceros.<\/span><\/li>\n<\/ul>\n<p><span style=\"text-decoration: underline;\"><b>SEG\u00daN LA PROPIEDAD<\/b><\/span><\/p>\n<ul>\n<li><b><i>Cookies <\/i><\/b><b>propias<\/b><span style=\"font-weight: 400;\">: son las que se env\u00edan al equipo terminal del usuario desde un equipo o dominio gestionado por el propio editor y desde el que se proporciona el servicio solicitado por el usuario.<\/span><\/li>\n<li><b><i>Cookies <\/i><\/b><b>de terceros: <\/b><span style=\"font-weight: 400;\">son las que se env\u00edan al equipo terminal del usuario desde un equipo o dominio que no es gestionado por el editor, sino por otra entidad que trata los datos obtenidos mediante cookies.<\/span><\/li>\n<\/ul>\n<p><span style=\"text-decoration: underline;\"><b>SEG\u00daN EL PLAZO DE CONSERVACI\u00d3N<\/b><\/span><\/p>\n<ul>\n<li><b><i>Cookies <\/i><\/b><b>de sesi\u00f3n: <\/b><span style=\"font-weight: 400;\">son un tipo de <\/span><i><span style=\"font-weight: 400;\">cookies <\/span><\/i><span style=\"font-weight: 400;\">dise\u00f1adas para obtener y almacenar datos mientras el usuario accede a una p\u00e1gina web.<\/span><\/li>\n<li><b><i>Cookies <\/i><\/b><b>persistentes: <\/b><span style=\"font-weight: 400;\">son un tipo de cookies en las que los datos siguen almacenados en el terminal y pueden ser accedidos y tratados durante un per\u00edodo definido por el responsable de la <\/span><i><span style=\"font-weight: 400;\">cookie<\/span><\/i><span style=\"font-weight: 400;\">, y que dur\u00f3 desde unos minutos a varios a\u00f1os.<\/span><\/li>\n<\/ul>\n<h5><b>TRATAMIENTO DE DATOS PERSONALES<\/b><\/h5>\n<p><span style=\"font-weight: 400;\">AGUSTI IGNACIO FABRA (MASIA TINET) es el <\/span><b>Responsable del tratamiento <\/b><span style=\"font-weight: 400;\">de los datos personales del<\/span><b>Interesado <\/b><span style=\"font-weight: 400;\">y le informa que estos datos se tratar\u00e1n de conformidad con lo establecido en el Reglamento (UE) 2016\/679, de 27 de abril de 2016 (GDPR), por lo que se le facilita la siguiente informaci\u00f3n del tratamiento:<\/span><\/p>\n<ul>\n<li><b>Finalidades del tratamiento: <\/b><span style=\"font-weight: 400;\">seg\u00fan se especifica en el apartado de <\/span><i><span style=\"font-weight: 400;\">cookies <\/span><\/i><span style=\"font-weight: 400;\">que se utilizan en este sitio web.<\/span><\/li>\n<li><b>Legitimaci\u00f3n del tratamiento<\/b><span style=\"font-weight: 400;\">: por consentimiento del interesado (art. 6.1 GDPR).<\/span><\/li>\n<li><b>Criterios de conservaci\u00f3n de los datos<\/b><span style=\"font-weight: 400;\">: seg\u00fan se especifica en el apartado de <\/span><i><span style=\"font-weight: 400;\">cookies <\/span><\/i><span style=\"font-weight: 400;\">utilizadas en la web.<\/span><\/li>\n<li><b>Comunicaci\u00f3n de los datos<\/b><span style=\"font-weight: 400;\">: no se comunicar\u00e1n los datos a terceros, salvo en cookies propiedad de terceros o por obligaci\u00f3n legal.<\/span><\/li>\n<\/ul>\n<h5><b>Derechos que tiene el Interesado<\/b><span style=\"font-weight: 400;\">:<\/span><\/h5>\n<ul>\n<li style=\"font-weight: 400;\" aria-level=\"1\"><span style=\"font-weight: 400;\">Derecho a retirar su consentimiento en cualquier momento.<\/span><\/li>\n<li><span style=\"font-weight: 400;\">Derecho de acceso, rectificaci\u00f3n, portabilidad y supresi\u00f3n de sus datos y de limitaci\u00f3n u oposici\u00f3n a su tratamiento.<\/span><\/li>\n<li style=\"font-weight: 400;\" aria-level=\"1\"><span style=\"font-weight: 400;\">Derecho a presentar reclamaci\u00f3n ante la Autoridad de control (www.aepd.es) si considera que el tratamiento no se ajusta a la normativa vigente.<\/span><\/li>\n<\/ul>\n<h5><b>Datos de contacto para ejercer sus derechos:<\/b><span style=\"font-weight: 400;\"><br><\/span><\/h5>\n<p><span style=\"font-weight: 400;\">AGUSTI IGNACIO FABRA (MASIA TINET). Barrio lamiendo, 13 \u2013 43580 Deltebre (Tarragona). E-mail: <\/span><a href=\"mailto:tinetnoe@hotmail.com\"><span style=\"font-weight: 400;\">tinetnoe@hotmail.com<\/span><span style=\"font-weight: 400;\"><br><\/span><\/a><\/p>\n<h5><b>COOKIES UTILIZADAS EN ESTE SITIO WEB<\/b><\/h5>\n<table>\n<tbody>\n<tr>\n<td>\n<p><b>Propiedad<\/b><\/p>\n<\/td>\n<td>\n<p><b>Cookie<\/b><\/p>\n<\/td>\n<td>\n<p><b>Finalidad<\/b><\/p>\n<\/td>\n<td>\n<p><b>Plazo<\/b><\/p>\n<\/td>\n<\/tr>\n<tr>\n<td>\n<p><span style=\"font-weight: 400;\">masiatinet.com<\/span><\/p>\n<\/td>\n<td>\n<p><b>_ga<\/b><\/p>\n<\/td>\n<td>\n<p><span style=\"font-weight: 400;\">ID se utiliza para identificar a los usuarios<\/span><\/p>\n<\/td>\n<td>\n<p><span style=\"font-weight: 400;\">en 2 a\u00f1os<\/span><\/p>\n<\/td>\n<\/tr>\n<tr>\n<td>\n<p><span style=\"font-weight: 400;\">masiatinet.com<\/span><\/p>\n<\/td>\n<td>\n<p><b>_gato<\/b><\/p>\n<\/td>\n<td>\n<p><span style=\"font-weight: 400;\">Se utiliza para monitorear el n\u00famero de peticiones en el servidor de Google Analytics cuando se utiliza el Administrador de etiquetas Google<\/span><\/p>\n<\/td>\n<td>\n<p><span style=\"font-weight: 400;\">Sesi\u00f3n<\/span><\/p>\n<\/td>\n<\/tr>\n<tr>\n<td>\n<p><span style=\"font-weight: 400;\">masiatinet.com<\/span><\/p>\n<\/td>\n<td>\n<p><b>_gid<\/b><\/p>\n<\/td>\n<td>\n<p><span style=\"font-weight: 400;\">ID se utiliza para identificar a los usuarios durante 24 horas despu\u00e9s de la \u00faltima actividad<\/span><\/p>\n<\/td>\n<td>\n<p><span style=\"font-weight: 400;\">en 22 horas<\/span><\/p>\n<\/td>\n<\/tr>\n<\/tbody>\n<\/table>\n<p><span style=\"font-weight: 400;\">Los servicios de terceros son ajenos al control del editor. Los proveedores pueden modificar en cualquier momento sus condiciones de servicio, finalidad y uso de cookies, etc.<\/span><\/p>\n<h5>&nbsp;<\/h5>\n<h5><b>Proveedores externos de este sitio web:<\/b><\/h5>\n<table>\n<tbody>\n<tr>\n<td>\n<p><b>Editor<\/b><\/p>\n<\/td>\n<td>\n<p><b>Pol\u00edtica de privacidad<\/b><\/p>\n<\/td>\n<\/tr>\n<tr>\n<td>\n<p><span style=\"font-weight: 400;\">Google Analytics<\/span><\/p>\n<\/td>\n<td>\n<p><a href=\"https:\/\/safety.google\/\" target=\"_blank\" rel=\"noopener\">https:\/\/safety.google\/<\/a><br><\/p>\n<\/td>\n<\/tr>\n<\/tbody>\n<\/table>\n<p><span style=\"font-weight: 400;\">Desde este panel puede configurar las cookies que el sitio web puede instalar en su navegador, salvo las cookies t\u00e9cnicas o funcionales que son necesarias para la navegaci\u00f3n y utilizaci\u00f3n de las diferentes opciones o servicios que se ofrecen.<\/span><\/p>\n<p><span style=\"font-weight: 400;\">Panel de cookies<\/span><\/p>\n<table>\n<tbody>\n<tr>\n<td colspan=\"2\">\n<p><b>C\u00d3MO GESTIONAR LAS COOKIES DESDE EL NAVEGADOR<\/b><\/p>\n<\/td>\n<\/tr>\n<tr>\n<td>\n<p><b>Eliminar las cookies del dispositivo<\/b><\/p>\n<\/td>\n<td>\n<p><span style=\"font-weight: 400;\">Las cookies que ya se encuentran en un dispositivo se pueden eliminar borrando el historial del navegador, por lo que se suprimen las cookies de todos los sitios web visitados.<\/span><\/p>\n<p><span style=\"font-weight: 400;\">Sin embargo, tambi\u00e9n puede perderse parte de la informaci\u00f3n guardada (por ejemplo, los datos de inicio de sesi\u00f3n o las preferencias de sitio web).<\/span><\/p>\n<\/td>\n<\/tr>\n<\/tbody>\n<\/table>\n<table>\n<tbody>\n<tr>\n<td colspan=\"2\">\n<p><b>Gestionar las cookies espec\u00edficas del sitio<\/b><\/p>\n<\/td>\n<td>\n<p><span style=\"font-weight: 400;\">Para tener un control m\u00e1s preciso de las cookies espec\u00edficas de cada sitio, los usuarios pueden ajustar su configuraci\u00f3n de privacidad y cookies en el navegador.<\/span><\/p>\n<\/td>\n<\/tr>\n<tr>\n<td colspan=\"2\">\n<p><b>Bloquear las cookies<\/b><\/p>\n<\/td>\n<td>\n<p><span style=\"font-weight: 400;\">Aunque la mayor\u00eda de los navegadores modernos se pueden configurar para evitar que se instalen cookies en los dispositivos, esto puede obligar a ajustar manualmente determinadas preferencias cada vez que se visite un sitio o p\u00e1gina. Algunos servicios y caracter\u00edsticas pueden no funcionar correctamente (por ejemplo, los inicios de sesi\u00f3n con perfil).<\/span><\/p>\n<\/td>\n<\/tr>\n<tr>\n<td colspan=\"3\">\n<p><b>C\u00d3MO ELIMINAR LAS COOKIES DE LOS NAVEGADORES M\u00c1S COMUNES<\/b><\/p>\n<\/td>\n<\/tr>\n<tr>\n<td>\n<p><b>Chrome<\/b><\/p>\n<\/td>\n<td colspan=\"2\">\n<p><a href=\"https:\/\/support.google.com\/chrome\/answer\/95647?hl=es\" target=\"_blank\" rel=\"noopener\">https:\/\/support.google.com\/chrome\/answer\/95647?hl=es<\/a><br><\/p>\n<\/td>\n<\/tr>\n<tr>\n<td>\n<p><b>Edge<\/b><\/p>\n<\/td>\n<td colspan=\"2\">\n<p><a href=\"https:\/\/support.microsoft.com\/es-es\/microsoft-edge\/eliminar-las-cookies-en-microsoft-edge-63947406-40ac-c3b8-57b9-2a946a29ae09\" target=\"_blank\" rel=\"noopener\"><span style=\"font-weight: 400;\">https:\/\/support.microsoft.com\/es-es\/microsoft-edge\/eliminar-las-cookies-en-microsoft-edge-63947406-40ac-c3b8-57b9-2a946a29ae09<\/span><\/a><\/p>\n<\/td>\n<\/tr>\n<tr>\n<td>\n<p><b>Explorer<\/b><\/p>\n<\/td>\n<td colspan=\"2\">\n<p><a href=\"https:\/\/support.microsoft.com\/es-es\/topic\/c%C3%B3mo-eliminar-archivos-de-cookies-en-internet-explorer-bca9446f-d873-78de-77ba-d42645fa52fc\" target=\"_blank\" rel=\"noopener\">https:\/\/support.microsoft.com\/es-es\/topic\/c%C3%B3mo-eliminar-archivos-de-cookies-en-internet-explorer-bca9446f-d873-78de-77ba-d42645fa52fc<\/a><br><\/p>\n<\/td>\n<\/tr>\n<tr>\n<td>\n<p><b>Firefox<\/b><\/p>\n<\/td>\n<td colspan=\"2\">\n<p><a href=\"https:\/\/www.mozilla.org\/es-ES\/privacy\/websites\/#cookies\" target=\"_blank\" rel=\"noopener\"><span style=\"font-weight: 400;\">https:\/\/www.mozilla.org\/es-ES\/privacy\/websites\/#cookies<\/span><\/a><\/p>\n<\/td>\n<\/tr>\n<tr>\n<td>\n<p><b>Safari<\/b><\/p>\n<\/td>\n<td colspan=\"2\">\n<p><a href=\"https:\/\/support.apple.com\/es-es\/guide\/safari\/sfri11471\/mac\" target=\"_blank\" rel=\"noopener\"><span style=\"font-weight: 400;\">https:\/\/support.apple.com\/es-es\/guide\/safari\/sfri11471\/mac<\/span><\/a><\/p>\n<\/td>\n<\/tr>\n<tr>\n<td>\n<p><b>Opera<\/b><\/p>\n<\/td>\n<td colspan=\"2\">\n<p><a href=\"https:\/\/help.opera.com\/en\/latest\/security-and-privacy\/#clearBrowsingData\" target=\"_blank\" rel=\"noopener\"><span style=\"font-weight: 400;\">https:\/\/help.opera.com\/en\/latest\/security-and-privacy\/#clearBrowsingData<\/span><\/a><\/p>\n<\/td>\n<\/tr>\n<\/tbody>\n<\/table>\t\t\t\t\t\t\t\t<\/div>\n\t\t\t\t<\/div>\n\t\t\t\t\t<\/div>\n\t\t<\/div>\n\t\t\t\t\t<\/div>\n\t\t<\/section>\n\t\t\t\t<\/div>","protected":false},"excerpt":{"rendered":"<p>Pol\u00edtica de cookies INFORMACI\u00d3 SOBRE COOKIES D\u2019acord amb la Llei 34\/2002, de 11 de juliol, de serveis de la societat de la informaci\u00f3 i de comer\u00e7 electr\u00f2nic (LSSI), en relaci\u00f3 amb el Reglament (UE) 2016\/679 de el Parlament Europeu i de Consell, de 27 de abril de 2016, General de Protecci\u00f3 de Dades (GDPR) i [&hellip;]<\/p>\n","protected":false},"author":1,"featured_media":0,"parent":0,"menu_order":0,"comment_status":"closed","ping_status":"closed","template":"elementor_header_footer","meta":{"_acf_changed":false,"_joinchat":[],"footnotes":""},"class_list":["post-945","page","type-page","status-publish","hentry"],"acf":[],"_links":{"self":[{"href":"https:\/\/masiatinet.com\/es\/wp-json\/wp\/v2\/pages\/945","targetHints":{"allow":["GET"]}}],"collection":[{"href":"https:\/\/masiatinet.com\/es\/wp-json\/wp\/v2\/pages"}],"about":[{"href":"https:\/\/masiatinet.com\/es\/wp-json\/wp\/v2\/types\/page"}],"author":[{"embeddable":true,"href":"https:\/\/masiatinet.com\/es\/wp-json\/wp\/v2\/users\/1"}],"replies":[{"embeddable":true,"href":"https:\/\/masiatinet.com\/es\/wp-json\/wp\/v2\/comments?post=945"}],"version-history":[{"count":14,"href":"https:\/\/masiatinet.com\/es\/wp-json\/wp\/v2\/pages\/945\/revisions"}],"predecessor-version":[{"id":1208,"href":"https:\/\/masiatinet.com\/es\/wp-json\/wp\/v2\/pages\/945\/revisions\/1208"}],"wp:attachment":[{"href":"https:\/\/masiatinet.com\/es\/wp-json\/wp\/v2\/media?parent=945"}],"curies":[{"name":"wp","href":"https:\/\/api.w.org\/{rel}","templated":true}]}}