{"id":64,"date":"2022-01-20T14:41:00","date_gmt":"2022-01-20T13:41:00","guid":{"rendered":"http:\/\/masiatinet.com\/?page_id=64"},"modified":"2022-06-29T12:19:36","modified_gmt":"2022-06-29T10:19:36","slug":"politica-de-privacitat","status":"publish","type":"page","link":"https:\/\/masiatinet.com\/fr\/politica-de-privacitat\/","title":{"rendered":"Politique de confidentialit\u00e9"},"content":{"rendered":"<div data-elementor-type=\"wp-page\" data-elementor-id=\"64\" class=\"elementor elementor-64\" data-elementor-post-type=\"page\">\n\t\t\t\t\t\t<section class=\"elementor-section elementor-top-section elementor-element elementor-element-c941881 elementor-section-boxed elementor-section-height-default elementor-section-height-default\" data-id=\"c941881\" data-element_type=\"section\" data-e-type=\"section\">\n\t\t\t\t\t\t<div class=\"elementor-container elementor-column-gap-default\">\n\t\t\t\t\t<div class=\"elementor-column elementor-col-100 elementor-top-column elementor-element elementor-element-ad4b558\" data-id=\"ad4b558\" data-element_type=\"column\" data-e-type=\"column\">\n\t\t\t<div class=\"elementor-widget-wrap elementor-element-populated\">\n\t\t\t\t\t\t<div class=\"elementor-element elementor-element-2779308 animated-slow elementor-invisible elementor-widget elementor-widget-heading\" data-id=\"2779308\" data-element_type=\"widget\" data-e-type=\"widget\" data-settings=\"{&quot;_animation&quot;:&quot;fadeIn&quot;}\" data-widget_type=\"heading.default\">\n\t\t\t\t<div class=\"elementor-widget-container\">\n\t\t\t\t\t<h1 class=\"elementor-heading-title elementor-size-default\">Politique de confidentialit\u00e9<\/h1>\t\t\t\t<\/div>\n\t\t\t\t<\/div>\n\t\t\t\t<div class=\"elementor-element elementor-element-4df0f98 animated-slow legal elementor-invisible elementor-widget elementor-widget-text-editor\" data-id=\"4df0f98\" data-element_type=\"widget\" data-e-type=\"widget\" data-settings=\"{&quot;_animation&quot;:&quot;fadeIn&quot;,&quot;_animation_delay&quot;:300}\" data-widget_type=\"text-editor.default\">\n\t\t\t\t<div class=\"elementor-widget-container\">\n\t\t\t\t\t\t\t\t\t<ul><li aria-level=\"1\"><h5><b>INFORMATIONS POUR L&#039;UTILISATEUR<\/b><\/h5><\/li><\/ul><p>\u00a0<\/p><h5><b>Qui est responsable du traitement de vos donn\u00e9es personnelles ?<\/b><\/h5><p>\u00a0<\/p><p><b>AGUSTI IGNACIO FABRA (MASIA TINET) <\/b><span style=\"font-weight: 400;\">est RESPONSABLE du traitement des donn\u00e9es personnelles de l&#039;UTILISATEUR et l&#039;informe que ces donn\u00e9es seront trait\u00e9es conform\u00e9ment aux dispositions du r\u00e8glement (UE) 2016\/679, du 27 avril (GDPR), et de la loi organique 3\/2018, de d\u00e9cembre 5 (LOPDGDD).<\/span><\/p><p>\u00a0<\/p><h5><b>Pourquoi traitons-nous vos donn\u00e9es personnelles et pourquoi le faisons-nous ?<\/b><\/h5><p>\u00a0<\/p><p><span style=\"font-weight: 400;\">Selon le formulaire sur lequel nous avons obtenu vos donn\u00e9es personnelles, nous les traiterons de mani\u00e8re confidentielle pour atteindre les objectifs suivants :<br \/><br \/><\/span><\/p><h5><span style=\"font-weight: 400;\">Sous la forme <\/span><b>Contacter<\/b><\/h5><ul><li><span style=\"font-weight: 400;\">R\u00e9pondre aux questions ou \u00e0 tout type de demande formul\u00e9e par l&#039;utilisateur via l&#039;un des formulaires de contact mis \u00e0 disposition sur la page Web du responsable. <\/span><span style=\"font-weight: 400;\">(<\/span><i><span style=\"font-weight: 400;\">dans l&#039;int\u00e9r\u00eat l\u00e9gitime du responsable, art. 6.1.f RGPD<\/span><\/i><span style=\"font-weight: 400;\">) <\/span><\/li><li><span style=\"font-weight: 400;\">R\u00e9aliser des analyses statistiques et des \u00e9tudes de march\u00e9. (<\/span><i><span style=\"font-weight: 400;\">dans l&#039;int\u00e9r\u00eat l\u00e9gitime du responsable, art. 6.1.f RGPD<\/span><\/i><span style=\"font-weight: 400;\">)<\/span><\/li><\/ul><h5>\u00a0<\/h5><h5><span style=\"font-weight: 400;\">Sous la forme <\/span><b>R\u00e9servations<\/b><\/h5><ul><li><span style=\"font-weight: 400;\">Formaliser les r\u00e9servations aupr\u00e8s de l&#039;\u00e9tablissement du gestionnaire. <\/span><span style=\"font-weight: 400;\">(<\/span><i><span style=\"font-weight: 400;\">pour l&#039;ex\u00e9cution d&#039;un contrat ou d&#039;un avant-contrat, 6.1.b RGPD<\/span><\/i><span style=\"font-weight: 400;\">)<\/span><\/li><li><span style=\"font-weight: 400;\">Envoyer des communications publicitaires commerciales par e-mail, fax, SMS, MMS, r\u00e9seaux sociaux ou tout autre moyen \u00e9lectronique ou physique, pr\u00e9sent ou futur, aux clients, ce qui permet des communications commerciales concernant des produits ou services similaires \u00e0 ceux initialement l&#039;objet de contracter avec le client (art. <\/span><span style=\"font-weight: 400;\">21.2 LSSI). <\/span><span style=\"font-weight: 400;\">(<\/span><i><span style=\"font-weight: 400;\">dans l&#039;int\u00e9r\u00eat l\u00e9gitime du responsable, art. 6.1.f RGPD<\/span><\/i><span style=\"font-weight: 400;\">) <\/span><\/li><\/ul><h5>\u00a0<\/h5><h5><span style=\"font-weight: 400;\">Sous la forme <\/span><b>Commerce \u00e9lectronique<\/b><\/h5><ul><li><span style=\"font-weight: 400;\">G\u00e9rer les achats en ligne conform\u00e9ment aux conditions g\u00e9n\u00e9rales de passation de march\u00e9s. (<\/span><i><span style=\"font-weight: 400;\">pour l&#039;ex\u00e9cution d&#039;un contrat ou d&#039;un avant-contrat, 6.1.b RGPD<\/span><\/i><span style=\"font-weight: 400;\">)<\/span><\/li><li><span style=\"font-weight: 400;\">G\u00e9rer, maintenir, am\u00e9liorer ou d\u00e9velopper les services fournis. (<\/span><i><span style=\"font-weight: 400;\">pour l&#039;ex\u00e9cution d&#039;un contrat ou d&#039;un avant-contrat, 6.1.b RGPD<\/span><\/i><span style=\"font-weight: 400;\">)<\/span><\/li><li><span style=\"font-weight: 400;\">R\u00e9aliser des enqu\u00eates de satisfaction et de qualit\u00e9. <\/span>(<i><span>dans l&#039;int\u00e9r\u00eat l\u00e9gitime du responsable, art. 6.1.f RGPD<\/span><\/i><span>)<\/span><\/li><\/ul><p>\u00a0<\/p><h5><b>Combien de temps conserverons-nous vos donn\u00e9es personnelles ?<\/b><\/h5><p><span style=\"font-weight: 400;\">Ils ne seront pas conserv\u00e9s plus longtemps que n\u00e9cessaire pour maintenir l&#039;objectif du traitement ou tant qu&#039;il existe des prescriptions l\u00e9gales qui dictent leur garde et lorsque cela n&#039;est plus n\u00e9cessaire pour cette raison, ils seront supprim\u00e9s avec des mesures de s\u00e9curit\u00e9 appropri\u00e9es pour assurer que les donn\u00e9es sont anonymis\u00e9es ou totalement d\u00e9truites<\/span><\/p><p>\u00a0<\/p><h5><b>A qui fournissons-nous vos donn\u00e9es personnelles ?<\/b><\/h5><p><span style=\"font-weight: 400;\">Aucune communication de donn\u00e9es personnelles \u00e0 des tiers n&#039;est pr\u00e9vue sauf si elle est n\u00e9cessaire au d\u00e9veloppement et \u00e0 l&#039;ex\u00e9cution des finalit\u00e9s du traitement, \u00e0 nos prestataires de services li\u00e9s aux communications, avec lesquels le RESPONSABLE a <\/span><span style=\"font-weight: 400;\">formalis\u00e9 les contrats de confidentialit\u00e9 et de traitement des donn\u00e9es requis par la r\u00e9glementation en vigueur sur la protection de la vie priv\u00e9e.<\/span><\/p><p>\u00a0<\/p><h5><b>Quels sont vos droits ?<\/b><\/h5><p><span style=\"font-weight: 400;\">Les droits de l&#039;UTILISATEUR sont :<\/span><\/p><ul><li><span style=\"font-weight: 400;\">Droit de retirer son consentement \u00e0 tout moment.<\/span><\/li><li><span style=\"font-weight: 400;\">Droit d&#039;acc\u00e8s, de rectification, de portabilit\u00e9 et de suppression de vos donn\u00e9es et limitation ou opposition \u00e0 leur traitement.<\/span><\/li><li><span style=\"font-weight: 400;\">Le droit de d\u00e9poser une plainte aupr\u00e8s de l&#039;autorit\u00e9 de contr\u00f4le (www.aepd.es) si vous consid\u00e9rez que le traitement n&#039;est pas conforme \u00e0 la r\u00e9glementation en vigueur.<\/span><\/li><\/ul><p>\u00a0<\/p><h5><b>Coordonn\u00e9es pour exercer vos droits<\/b><span style=\"font-weight: 400;\">:<\/span><\/h5><p><span style=\"font-weight: 400;\">AGUSTI IGNACIO FABRA (MASIA TINET). Barri lepanto, 13 \u2013 43580 Deltebre (Tarragone). E-mail: <\/span><a href=\"mailto:tinetnoe@hotmail.com\"><span style=\"font-weight: 400;\">tinetnoe@hotmail.com<\/span><\/a><\/p><p><br \/><br \/><b><\/b><\/p><ul><li aria-level=\"1\"><h5><b>CARACTERE OBLIGATOIRE OU FACULTATIF DES INFORMATIONS FOURNIES PAR L&#039;UTILISATEUR<\/b><\/h5><\/li><\/ul><p><span style=\"font-weight: 400;\">Les UTILISATEURS, au moyen des cases correspondantes et de l&#039;introduction de donn\u00e9es dans les champs marqu\u00e9s d&#039;un ast\u00e9risque (*) dans le formulaire de contact ou pr\u00e9sent\u00e9s dans les formulaires de t\u00e9l\u00e9chargement, acceptent express\u00e9ment, librement et sans \u00e9quivoque que leurs donn\u00e9es soient n\u00e9cessaires pour r\u00e9pondre \u00e0 votre demande , de la part du pr\u00eateur, et que, par cons\u00e9quent, l&#039;inclusion des donn\u00e9es dans les champs restants est volontaire. L&#039;UTILISATEUR garantit que les donn\u00e9es personnelles fournies au RESPONSABLE sont v\u00e9ridiques et est responsable de la communication de tout changement.<\/span><\/p><p><span style=\"font-weight: 400;\">Le RESPONSABLE informe que toutes les donn\u00e9es demand\u00e9es via le site Web sont obligatoires, car elles sont n\u00e9cessaires \u00e0 la fourniture d&#039;un service optimal \u00e0 l&#039;UTILISATEUR. Dans le cas o\u00f9 toutes les donn\u00e9es ne sont pas fournies, il n&#039;est pas garanti que les informations et services fournis r\u00e9pondront pleinement \u00e0 vos besoins.<\/span><\/p><p><br \/><b><\/b><\/p><ul><li aria-level=\"1\"><h5><b>MESURES DE S\u00c9CURIT\u00c9<\/b><\/h5><\/li><\/ul><p><span style=\"font-weight: 400;\">Que, conform\u00e9ment \u00e0 ce qui est \u00e9tabli par la r\u00e9glementation en vigueur sur la protection des donn\u00e9es personnelles, le RESPONSABLE se conforme \u00e0 toutes les dispositions des r\u00e9glementations GDPR et LOPDGDD pour le traitement des donn\u00e9es personnelles de sa responsabilit\u00e9, et manifestement aux principes d\u00e9crit \u00e0 l&#039;article 5 du RGPD, par lequel ils sont trait\u00e9s de mani\u00e8re licite, loyale et transparente vis-\u00e0-vis de l&#039;int\u00e9ress\u00e9 et ad\u00e9quats, pertinents et limit\u00e9s \u00e0 ce qui est n\u00e9cessaire au regard des finalit\u00e9s pour lesquelles ils sont trait\u00e9s.<\/span><\/p><p>\u00a0<\/p><p><span style=\"font-weight: 400;\">Le RESPONSABLE garantit qu&#039;il a mis en place des politiques techniques et organisationnelles appropri\u00e9es pour appliquer les mesures de s\u00e9curit\u00e9 \u00e9tablies par le RGPD et la LOPDGDD, afin de prot\u00e9ger les droits et libert\u00e9s des UTILISATEURS et leur a fourni les informations appropri\u00e9es afin qu&#039;ils puissent les exercer.<\/span><\/p><p>\u00a0<\/p><p><span style=\"font-weight: 400;\">Pour plus d&#039;informations sur les garanties de confidentialit\u00e9, vous pouvez contacter le RESPONSABLE via AGUSTI IGNACIO FABRA (MASIA TINET). Barri lepanto, 13 \u2013 43580 Deltebre (Tarragone). E-mail: <\/span><a href=\"mailto:tinetnoe@hotmail.com\"><span style=\"font-weight: 400;\">tinetnoe@hotmail.com<\/span><\/a><\/p>\t\t\t\t\t\t\t\t<\/div>\n\t\t\t\t<\/div>\n\t\t\t\t\t<\/div>\n\t\t<\/div>\n\t\t\t\t\t<\/div>\n\t\t<\/section>\n\t\t\t\t<\/div>","protected":false},"excerpt":{"rendered":"<p>Pol\u00edtica de Privacitat INFORMACI\u00d3 PER A L\u2019USUARI Qui \u00e9s el responsable del tractament de les teves dades personals? AGUSTI IGNACIO FABRA (MASIA TINET) \u00e9s el RESPONSABLE del tractament de les dades personals de l\u2019USUARI i l\u2019informa que aquestes dades es tractaran de conformitat amb el que estableix el Reglament (UE) 2016\/679, de 27 d\u2019abril (GDPR), [&hellip;]<\/p>\n","protected":false},"author":1,"featured_media":0,"parent":0,"menu_order":0,"comment_status":"closed","ping_status":"closed","template":"elementor_header_footer","meta":{"_acf_changed":false,"_joinchat":[],"footnotes":""},"class_list":["post-64","page","type-page","status-publish","hentry"],"acf":[],"_links":{"self":[{"href":"https:\/\/masiatinet.com\/fr\/wp-json\/wp\/v2\/pages\/64","targetHints":{"allow":["GET"]}}],"collection":[{"href":"https:\/\/masiatinet.com\/fr\/wp-json\/wp\/v2\/pages"}],"about":[{"href":"https:\/\/masiatinet.com\/fr\/wp-json\/wp\/v2\/types\/page"}],"author":[{"embeddable":true,"href":"https:\/\/masiatinet.com\/fr\/wp-json\/wp\/v2\/users\/1"}],"replies":[{"embeddable":true,"href":"https:\/\/masiatinet.com\/fr\/wp-json\/wp\/v2\/comments?post=64"}],"version-history":[{"count":8,"href":"https:\/\/masiatinet.com\/fr\/wp-json\/wp\/v2\/pages\/64\/revisions"}],"predecessor-version":[{"id":1209,"href":"https:\/\/masiatinet.com\/fr\/wp-json\/wp\/v2\/pages\/64\/revisions\/1209"}],"wp:attachment":[{"href":"https:\/\/masiatinet.com\/fr\/wp-json\/wp\/v2\/media?parent=64"}],"curies":[{"name":"wp","href":"https:\/\/api.w.org\/{rel}","templated":true}]}}