{"id":945,"date":"2022-02-03T15:45:15","date_gmt":"2022-02-03T14:45:15","guid":{"rendered":"http:\/\/masiatinet.com\/?page_id=945"},"modified":"2022-06-29T12:18:46","modified_gmt":"2022-06-29T10:18:46","slug":"politica-de-cookies","status":"publish","type":"page","link":"https:\/\/masiatinet.com\/fr\/politica-de-cookies\/","title":{"rendered":"Politique de cookies"},"content":{"rendered":"<div data-elementor-type=\"wp-page\" data-elementor-id=\"945\" class=\"elementor elementor-945\" data-elementor-post-type=\"page\">\n\t\t\t\t\t\t<section class=\"elementor-section elementor-top-section elementor-element elementor-element-9d527a1 elementor-section-boxed elementor-section-height-default elementor-section-height-default\" data-id=\"9d527a1\" data-element_type=\"section\" data-e-type=\"section\">\n\t\t\t\t\t\t<div class=\"elementor-container elementor-column-gap-default\">\n\t\t\t\t\t<div class=\"elementor-column elementor-col-100 elementor-top-column elementor-element elementor-element-9d4c9f3\" data-id=\"9d4c9f3\" data-element_type=\"column\" data-e-type=\"column\">\n\t\t\t<div class=\"elementor-widget-wrap elementor-element-populated\">\n\t\t\t\t\t\t<div class=\"elementor-element elementor-element-4c712a9 animated-slow elementor-invisible elementor-widget elementor-widget-heading\" data-id=\"4c712a9\" data-element_type=\"widget\" data-e-type=\"widget\" data-settings=\"{&quot;_animation&quot;:&quot;fadeIn&quot;}\" data-widget_type=\"heading.default\">\n\t\t\t\t<div class=\"elementor-widget-container\">\n\t\t\t\t\t<h1 class=\"elementor-heading-title elementor-size-default\">Politique de cookies<\/h1>\t\t\t\t<\/div>\n\t\t\t\t<\/div>\n\t\t\t\t<div class=\"elementor-element elementor-element-9c11ccc animated-slow legal elementor-invisible elementor-widget elementor-widget-text-editor\" data-id=\"9c11ccc\" data-element_type=\"widget\" data-e-type=\"widget\" data-settings=\"{&quot;_animation&quot;:&quot;fadeIn&quot;,&quot;_animation_delay&quot;:300}\" data-widget_type=\"text-editor.default\">\n\t\t\t\t<div class=\"elementor-widget-container\">\n\t\t\t\t\t\t\t\t\t<h5><b>INFORMATIONS SUR LES COOKIES<\/b><\/h5>\n<p><span style=\"font-weight: 400;\">Conform\u00e9ment \u00e0 la loi 34\/2002 du 11 juillet relative aux services de la soci\u00e9t\u00e9 de l&#039;information et du commerce \u00e9lectronique (LSSI), en relation avec le r\u00e8glement (UE) 2016\/679 du Parlement europ\u00e9en et du Conseil du 27 avril 2016, G\u00e9n\u00e9ral sur la protection des donn\u00e9es (RGPD) et la loi organique 3\/2018 du 5 d\u00e9cembre sur la protection des donn\u00e9es et la garantie des droits num\u00e9riques (LOPDGDD), il est n\u00e9cessaire d&#039;obtenir le consentement expr\u00e8s de l&#039;utilisateur de toutes les pages Web qui utilisent des cookies durables, avant qu&#039;il navigue \u00e0 travers eux.<\/span><\/p>\n<h5><b>QU&#039;EST-CE QUE LES COOKIES ?<\/b><\/h5>\n<p><span style=\"font-weight: 400;\">la <\/span><i><span style=\"font-weight: 400;\">biscuits <\/span><\/i><span style=\"font-weight: 400;\">et d&#039;autres technologies similaires telles que les objets locaux partag\u00e9s, flash <\/span><i><span style=\"font-weight: 400;\">biscuits <\/span><\/i><span style=\"font-weight: 400;\">ou pixels, sont des outils utilis\u00e9s par les serveurs Web pour stocker et r\u00e9cup\u00e9rer des informations sur leurs visiteurs, ainsi que pour offrir le bon fonctionnement du site.<\/span><\/p>\n<p><span style=\"font-weight: 400;\">Gr\u00e2ce \u00e0 l&#039;utilisation de ces appareils, le serveur Web est autoris\u00e9 \u00e0 m\u00e9moriser certaines donn\u00e9es sur l&#039;utilisateur, telles que ses pr\u00e9f\u00e9rences pour la visualisation des pages de ce serveur, son nom et son mot de passe, les produits qui l&#039;int\u00e9ressent le plus, etc.<\/span><\/p>\n<h5><b><i>BISCUITS <\/i><\/b><b>TOUCH\u00c9S PAR LA R\u00c9GLEMENTATION ET EXCEPT\u00c9S COOKIES<\/b><\/h5>\n<p><span style=\"font-weight: 400;\">Selon la directive de l&#039;UE, le <\/span><i><span style=\"font-weight: 400;\">biscuits <\/span><\/i><span style=\"font-weight: 400;\">qui n\u00e9cessitent le consentement \u00e9clair\u00e9 de l&#039;utilisateur sont les <\/span><i><span style=\"font-weight: 400;\">biscuits <\/span><\/i><span style=\"font-weight: 400;\">analytiques et celles de publicit\u00e9 et d&#039;affiliation, et celles de nature technique et celles n\u00e9cessaires au fonctionnement du site Web ou \u00e0 la fourniture de services express\u00e9ment demand\u00e9s par l&#039;utilisateur sont exclues.<\/span><\/p>\n<p><\/p>\n<h5><b>TYPES DE COOKIES<\/b><\/h5>\n<p><span style=\"text-decoration: underline;\"><b>SELON LE BUT<\/b><\/span><\/p>\n<ul>\n<li><b><i>Biscuits <\/i><\/b><b>technique et fonctionnel<\/b><span style=\"font-weight: 400;\">: sont ceux qui permettent \u00e0 l&#039;utilisateur de naviguer sur une page Web, une plateforme ou une application et d&#039;utiliser les diff\u00e9rentes options ou services disponibles<\/span><i><span style=\"font-weight: 400;\">.<\/span><\/i><\/li>\n<li><b><i>Biscuits <\/i><\/b><b>d&#039;analyse<\/b><span style=\"font-weight: 400;\">: ils permettent au responsable de ceux-ci de suivre et d&#039;analyser le comportement des utilisateurs des sites auxquels ils sont li\u00e9s. Les informations recueillies par ce type de <\/span><i><span style=\"font-weight: 400;\">biscuits <\/span><\/i><span style=\"font-weight: 400;\">il est utilis\u00e9 pour mesurer l&#039;activit\u00e9 des sites web, application ou plateforme et pour d\u00e9velopper des profils de navigation des utilisateurs de ces sites, applications et plateformes, afin d&#039;introduire des am\u00e9liorations bas\u00e9es sur l&#039;analyse de l&#039;utilisation des donn\u00e9es faite par les utilisateurs du service.<\/span><\/li>\n<li><b><i>Biscuits <\/i><\/b><b>annonces: <\/b><span style=\"font-weight: 400;\">sont ceux qui permettent de g\u00e9rer, de la mani\u00e8re la plus efficace possible, les espaces publicitaires que, le cas \u00e9ch\u00e9ant, l&#039;\u00e9diteur a inclus dans une page Web, une application ou une plate-forme \u00e0 partir de laquelle il fournit le service demand\u00e9 en fonction de crit\u00e8res tels que le contenu \u00e9dit\u00e9 ou la mani\u00e8re dont souvent des publicit\u00e9s sont diffus\u00e9es.<\/span><\/li>\n<li><b><i>Biscuits <\/i><\/b><b>de la publicit\u00e9 comportementale<\/b>: collecter des informations sur les pr\u00e9f\u00e9rences et les choix personnels de l&#039;utilisateur (<i>reciblage<\/i>) pour permettre de g\u00e9rer, de la mani\u00e8re la plus efficace possible, les espaces publicitaires que, le cas \u00e9ch\u00e9ant, l&#039;\u00e9diteur a inclus dans une page Web, une application ou une plate-forme \u00e0 partir de laquelle il fournit le service demand\u00e9.<\/li>\n<li><b><i>Biscuits <\/i><\/b><b>social<\/b><span style=\"font-weight: 400;\">: sont ceux qui ont \u00e9t\u00e9 install\u00e9s par les plateformes de r\u00e9seaux sociaux sur les services pour vous permettre de partager du contenu avec vos amis et vos r\u00e9seaux. Les plateformes de m\u00e9dias sociaux ont la capacit\u00e9 de suivre votre activit\u00e9 en ligne en dehors des Services. Cela peut affecter le contenu et les messages que vous voyez sur les autres services que vous visitez.<\/span><\/li>\n<li><b><i>Biscuits <\/i><\/b><b>des affili\u00e9s<\/b><span style=\"font-weight: 400;\">: permettent de suivre les visites d&#039;autres sites, avec lesquels le site \u00e9tablit un contrat d&#039;affiliation (soci\u00e9t\u00e9s d&#039;affiliation).<\/span><\/li>\n<li><b><i>Biscuits <\/i><\/b><b>de s\u00e9curit\u00e9<\/b><span style=\"font-weight: 400;\">: stocker des informations crypt\u00e9es pour \u00e9viter que les donn\u00e9es qui y sont stock\u00e9es ne soient vuln\u00e9rables aux attaques malveillantes de tiers.<\/span><\/li>\n<\/ul>\n<p><span style=\"text-decoration: underline;\"><b>SELON PROPRI\u00c9T\u00c9<\/b><\/span><\/p>\n<ul>\n<li><b><i>Biscuits <\/i><\/b><b>poss\u00e9der<\/b><span style=\"font-weight: 400;\">: sont ceux qui sont envoy\u00e9s \u00e0 l&#039;\u00e9quipement terminal de l&#039;utilisateur \u00e0 partir d&#039;un ordinateur ou d&#039;un domaine g\u00e9r\u00e9 par l&#039;\u00e9diteur lui-m\u00eame et \u00e0 partir duquel le service demand\u00e9 par l&#039;utilisateur est fourni.<\/span><\/li>\n<li><b><i>Biscuits <\/i><\/b><b>de tiers : <\/b><span style=\"font-weight: 400;\">sont celles envoy\u00e9es \u00e0 l&#039;\u00e9quipement terminal de l&#039;utilisateur \u00e0 partir d&#039;un ordinateur ou d&#039;un domaine qui n&#039;est pas g\u00e9r\u00e9 par l&#039;\u00e9diteur, mais par une autre entit\u00e9 qui traite les donn\u00e9es obtenues gr\u00e2ce aux cookies.<\/span><\/li>\n<\/ul>\n<p><span style=\"text-decoration: underline;\"><b>SELON LA DUR\u00c9E DE CONSERVATION<\/b><\/span><\/p>\n<ul>\n<li><b><i>Biscuits <\/i><\/b><b>de s\u00e9ance\u00a0: <\/b><span style=\"font-weight: 400;\">sont un type de <\/span><i><span style=\"font-weight: 400;\">biscuits <\/span><\/i><span style=\"font-weight: 400;\">con\u00e7u pour obtenir et stocker des donn\u00e9es lorsque l&#039;utilisateur acc\u00e8de \u00e0 une page Web.<\/span><\/li>\n<li><b><i>Biscuits <\/i><\/b><b>persistant: <\/b><span style=\"font-weight: 400;\">sont un type de cookie dans lequel les donn\u00e9es sont toujours stock\u00e9es dans le terminal et peuvent \u00eatre consult\u00e9es et trait\u00e9es pendant une p\u00e9riode d\u00e9finie par le responsable de <\/span><i><span style=\"font-weight: 400;\">biscuit<\/span><\/i><span style=\"font-weight: 400;\">, et qui durent de quelques minutes \u00e0 plusieurs ann\u00e9es.<\/span><\/li>\n<\/ul>\n<h5><b>TRAITEMENT DES DONN\u00c9ES PERSONNELLES<\/b><\/h5>\n<p><span style=\"font-weight: 400;\">AGUSTI IGNACIO FABRA (MASIA TINET) est le <\/span><b>Responsable du traitement <\/b><span style=\"font-weight: 400;\">des donn\u00e9es personnelles du<\/span><b>int\u00e9ress\u00e9 <\/b><span style=\"font-weight: 400;\">et vous informe que ces donn\u00e9es seront trait\u00e9es conform\u00e9ment aux dispositions du R\u00e8glement (UE) 2016\/679, du 27 avril 2016 (RGPD), ainsi les informations de traitement suivantes vous sont fournies :<\/span><\/p>\n<ul>\n<li><b>Objectifs du traitement\u00a0: <\/b><span style=\"font-weight: 400;\">comme sp\u00e9cifi\u00e9 dans la section de <\/span><i><span style=\"font-weight: 400;\">biscuits <\/span><\/i><span style=\"font-weight: 400;\">qui sont utilis\u00e9s sur ce site Web.<\/span><\/li>\n<li><b>L\u00e9gitimation du traitement<\/b><span style=\"font-weight: 400;\">: avec le consentement de l&#039;int\u00e9ress\u00e9 (art. 6.1 GDPR).<\/span><\/li>\n<li><b>Crit\u00e8res de conservation des donn\u00e9es<\/b><span style=\"font-weight: 400;\">: comme sp\u00e9cifi\u00e9 dans la section de <\/span><i><span style=\"font-weight: 400;\">biscuits <\/span><\/i><span style=\"font-weight: 400;\">utilis\u00e9 sur le web.<\/span><\/li>\n<li><b>Communication de donn\u00e9es<\/b><span style=\"font-weight: 400;\">: les donn\u00e9es ne seront pas communiqu\u00e9es \u00e0 des tiers, sauf dans les cookies appartenant \u00e0 des tiers ou en raison d&#039;une obligation l\u00e9gale.<\/span><\/li>\n<\/ul>\n<h5><b>Droits de l&#039;Int\u00e9ress\u00e9<\/b><span style=\"font-weight: 400;\">:<\/span><\/h5>\n<ul>\n<li style=\"font-weight: 400;\" aria-level=\"1\"><span style=\"font-weight: 400;\">Droit de retirer son consentement \u00e0 tout moment.<\/span><\/li>\n<li><span style=\"font-weight: 400;\">Droit d&#039;acc\u00e8s, de rectification, de portabilit\u00e9 et de suppression de vos donn\u00e9es et limitation ou opposition \u00e0 leur traitement.<\/span><\/li>\n<li style=\"font-weight: 400;\" aria-level=\"1\"><span style=\"font-weight: 400;\">Le droit de d\u00e9poser une plainte aupr\u00e8s de l&#039;Autorit\u00e9 de contr\u00f4le (www.aepd.es) si vous consid\u00e9rez que le traitement n&#039;est pas conforme \u00e0 la r\u00e9glementation en vigueur.<\/span><\/li>\n<\/ul>\n<h5><b>Coordonn\u00e9es pour exercer vos droits :<\/b><span style=\"font-weight: 400;\"><br><\/span><\/h5>\n<p><span style=\"font-weight: 400;\">AGUSTI IGNACIO FABRA (MASIA TINET). Barri lepanto, 13 \u2013 43580 Deltebre (Tarragone). E-mail: <\/span><a href=\"mailto:tinetnoe@hotmail.com\"><span style=\"font-weight: 400;\">tinetnoe@hotmail.com<\/span><span style=\"font-weight: 400;\"><br><\/span><\/a><\/p>\n<h5><b>COOKIES UTILIS\u00c9S SUR CE SITE WEB<\/b><\/h5>\n<table>\n<tbody>\n<tr>\n<td>\n<p><b>Propri\u00e9t\u00e9<\/b><\/p>\n<\/td>\n<td>\n<p><b>Biscuit<\/b><\/p>\n<\/td>\n<td>\n<p><b>objectif<\/b><\/p>\n<\/td>\n<td>\n<p><b>place<\/b><\/p>\n<\/td>\n<\/tr>\n<tr>\n<td>\n<p><span style=\"font-weight: 400;\">masiatinet.com<\/span><\/p>\n<\/td>\n<td>\n<p><b>_G\u00e9orgie<\/b><\/p>\n<\/td>\n<td>\n<p><span style=\"font-weight: 400;\">L&#039;ID est utilis\u00e9 pour identifier les utilisateurs<\/span><\/p>\n<\/td>\n<td>\n<p><span style=\"font-weight: 400;\">dans 2 ans<\/span><\/p>\n<\/td>\n<\/tr>\n<tr>\n<td>\n<p><span style=\"font-weight: 400;\">masiatinet.com<\/span><\/p>\n<\/td>\n<td>\n<p><b>_chat<\/b><\/p>\n<\/td>\n<td>\n<p><span style=\"font-weight: 400;\">Utilis\u00e9 pour surveiller le nombre de requ\u00eates au serveur Google Analytics lors de l&#039;utilisation de Google Tag Manager<\/span><\/p>\n<\/td>\n<td>\n<p><span style=\"font-weight: 400;\">session<\/span><\/p>\n<\/td>\n<\/tr>\n<tr>\n<td>\n<p><span style=\"font-weight: 400;\">masiatinet.com<\/span><\/p>\n<\/td>\n<td>\n<p><b>_gid<\/b><\/p>\n<\/td>\n<td>\n<p><span style=\"font-weight: 400;\">L&#039;ID est utilis\u00e9 pour identifier les utilisateurs pendant 24 heures apr\u00e8s la derni\u00e8re activit\u00e9<\/span><\/p>\n<\/td>\n<td>\n<p><span style=\"font-weight: 400;\">dans 22 heures<\/span><\/p>\n<\/td>\n<\/tr>\n<\/tbody>\n<\/table>\n<p><span style=\"font-weight: 400;\">Les services tiers \u00e9chappent au contr\u00f4le de l&#039;\u00e9diteur. Les fournisseurs peuvent modifier \u00e0 tout moment leurs conditions de service, finalit\u00e9 et utilisation des cookies, etc.<\/span><\/p>\n<h5>&nbsp;<\/h5>\n<h5><b>Fournisseurs tiers de ce site Web\u00a0:<\/b><\/h5>\n<table>\n<tbody>\n<tr>\n<td>\n<p><b>\u00e9diteur<\/b><\/p>\n<\/td>\n<td>\n<p><b>Politique de confidentialit\u00e9<\/b><\/p>\n<\/td>\n<\/tr>\n<tr>\n<td>\n<p><span style=\"font-weight: 400;\">Google Analytics<\/span><\/p>\n<\/td>\n<td>\n<p><a href=\"https:\/\/safety.google\/\" target=\"_blank\" rel=\"noopener\">https:\/\/safety.google\/<\/a><br><\/p>\n<\/td>\n<\/tr>\n<\/tbody>\n<\/table>\n<p><span style=\"font-weight: 400;\">Depuis ce panneau, vous pouvez configurer les cookies que le site peut installer dans votre navigateur, \u00e0 l&#039;exception des cookies techniques ou fonctionnels n\u00e9cessaires \u00e0 la navigation et \u00e0 l&#039;utilisation des diff\u00e9rentes options ou services propos\u00e9s.<\/span><\/p>\n<p><span style=\"font-weight: 400;\">Panneau Cookies<\/span><\/p>\n<table>\n<tbody>\n<tr>\n<td colspan=\"2\">\n<p><b>COMMENT G\u00c9RER LES COOKIES DEPUIS LE NAVIGATEUR<\/b><\/p>\n<\/td>\n<\/tr>\n<tr>\n<td>\n<p><b>Supprimer les cookies de l&#039;appareil<\/b><\/p>\n<\/td>\n<td>\n<p><span style=\"font-weight: 400;\">Les cookies qui sont d\u00e9j\u00e0 sur un appareil peuvent \u00eatre supprim\u00e9s en effa\u00e7ant l&#039;historique du navigateur, de sorte que les cookies soient supprim\u00e9s de tous les sites Web visit\u00e9s.<\/span><\/p>\n<p><span style=\"font-weight: 400;\">Cependant, certaines informations enregistr\u00e9es (par exemple, les informations de connexion ou les pr\u00e9f\u00e9rences du site Web) peuvent \u00e9galement \u00eatre perdues.<\/span><\/p>\n<\/td>\n<\/tr>\n<\/tbody>\n<\/table>\n<table>\n<tbody>\n<tr>\n<td colspan=\"2\">\n<p><b>G\u00e9rer les cookies sp\u00e9cifiques au site<\/b><\/p>\n<\/td>\n<td>\n<p><span style=\"font-weight: 400;\">Pour avoir un contr\u00f4le plus pr\u00e9cis sur les cookies sp\u00e9cifiques au site, les utilisateurs peuvent ajuster leurs param\u00e8tres de confidentialit\u00e9 et de cookies dans leur navigateur.<\/span><\/p>\n<\/td>\n<\/tr>\n<tr>\n<td colspan=\"2\">\n<p><b>Bloquer les cookies<\/b><\/p>\n<\/td>\n<td>\n<p><span style=\"font-weight: 400;\">Bien que la plupart des navigateurs modernes puissent \u00eatre configur\u00e9s pour emp\u00eacher l&#039;installation de cookies sur les appareils, cela peut vous obliger \u00e0 ajuster manuellement certaines pr\u00e9f\u00e9rences chaque fois que vous visitez un site ou une page. De plus, certains services et fonctionnalit\u00e9s peuvent ne pas fonctionner correctement (par exemple, les connexions de profil).<\/span><\/p>\n<\/td>\n<\/tr>\n<tr>\n<td colspan=\"3\">\n<p><b>COMMENT SUPPRIMER LES COOKIES DES NAVIGATEURS LES PLUS COURANTS<\/b><\/p>\n<\/td>\n<\/tr>\n<tr>\n<td>\n<p><b>Chrome<\/b><\/p>\n<\/td>\n<td colspan=\"2\">\n<p><a href=\"https:\/\/support.google.com\/chrome\/answer\/95647?hl=es\" target=\"_blank\" rel=\"noopener\">https:\/\/support.google.com\/chrome\/answer\/95647?hl=es<\/a><br><\/p>\n<\/td>\n<\/tr>\n<tr>\n<td>\n<p><b>Bord<\/b><\/p>\n<\/td>\n<td colspan=\"2\">\n<p><a href=\"https:\/\/support.microsoft.com\/es-es\/microsoft-edge\/eliminar-las-cookies-en-microsoft-edge-63947406-40ac-c3b8-57b9-2a946a29ae09\" target=\"_blank\" rel=\"noopener\"><span style=\"font-weight: 400;\">https:\/\/support.microsoft.com\/es-es\/microsoft-edge\/eliminar-las-cookies-en-microsoft-edge-63947406-40ac-c3b8-57b9-2a946a29ae09<\/span><\/a><\/p>\n<\/td>\n<\/tr>\n<tr>\n<td>\n<p><b>Explorateur<\/b><\/p>\n<\/td>\n<td colspan=\"2\">\n<p><a href=\"https:\/\/support.microsoft.com\/es-es\/topic\/c%C3%B3mo-eliminar-archivos-de-cookies-en-internet-explorer-bca9446f-d873-78de-77ba-d42645fa52fc\" target=\"_blank\" rel=\"noopener\">https:\/\/support.microsoft.com\/es-es\/topic\/c%C3%B3mo-eliminar-archivos-de-cookies-en-internet-explorer-bca9446f-d873-78de-77ba-d42645fa52fc<\/a><br><\/p>\n<\/td>\n<\/tr>\n<tr>\n<td>\n<p><b>Firefox<\/b><\/p>\n<\/td>\n<td colspan=\"2\">\n<p><a href=\"https:\/\/www.mozilla.org\/es-ES\/privacy\/websites\/#cookies\" target=\"_blank\" rel=\"noopener\"><span style=\"font-weight: 400;\">https:\/\/www.mozilla.org\/es-ES\/privacy\/websites\/#cookies<\/span><\/a><\/p>\n<\/td>\n<\/tr>\n<tr>\n<td>\n<p><b>Safari<\/b><\/p>\n<\/td>\n<td colspan=\"2\">\n<p><a href=\"https:\/\/support.apple.com\/es-es\/guide\/safari\/sfri11471\/mac\" target=\"_blank\" rel=\"noopener\"><span style=\"font-weight: 400;\">https:\/\/support.apple.com\/es-es\/guide\/safari\/sfri11471\/mac<\/span><\/a><\/p>\n<\/td>\n<\/tr>\n<tr>\n<td>\n<p><b>Op\u00e9ra<\/b><\/p>\n<\/td>\n<td colspan=\"2\">\n<p><a href=\"https:\/\/help.opera.com\/en\/latest\/security-and-privacy\/#clearBrowsingData\" target=\"_blank\" rel=\"noopener\"><span style=\"font-weight: 400;\">https:\/\/help.opera.com\/en\/latest\/security-and-privacy\/#clearBrowsingData<\/span><\/a><\/p>\n<\/td>\n<\/tr>\n<\/tbody>\n<\/table>\t\t\t\t\t\t\t\t<\/div>\n\t\t\t\t<\/div>\n\t\t\t\t\t<\/div>\n\t\t<\/div>\n\t\t\t\t\t<\/div>\n\t\t<\/section>\n\t\t\t\t<\/div>","protected":false},"excerpt":{"rendered":"<p>Pol\u00edtica de cookies INFORMACI\u00d3 SOBRE COOKIES D\u2019acord amb la Llei 34\/2002, de 11 de juliol, de serveis de la societat de la informaci\u00f3 i de comer\u00e7 electr\u00f2nic (LSSI), en relaci\u00f3 amb el Reglament (UE) 2016\/679 de el Parlament Europeu i de Consell, de 27 de abril de 2016, General de Protecci\u00f3 de Dades (GDPR) i [&hellip;]<\/p>\n","protected":false},"author":1,"featured_media":0,"parent":0,"menu_order":0,"comment_status":"closed","ping_status":"closed","template":"elementor_header_footer","meta":{"_acf_changed":false,"_joinchat":[],"footnotes":""},"class_list":["post-945","page","type-page","status-publish","hentry"],"acf":[],"_links":{"self":[{"href":"https:\/\/masiatinet.com\/fr\/wp-json\/wp\/v2\/pages\/945","targetHints":{"allow":["GET"]}}],"collection":[{"href":"https:\/\/masiatinet.com\/fr\/wp-json\/wp\/v2\/pages"}],"about":[{"href":"https:\/\/masiatinet.com\/fr\/wp-json\/wp\/v2\/types\/page"}],"author":[{"embeddable":true,"href":"https:\/\/masiatinet.com\/fr\/wp-json\/wp\/v2\/users\/1"}],"replies":[{"embeddable":true,"href":"https:\/\/masiatinet.com\/fr\/wp-json\/wp\/v2\/comments?post=945"}],"version-history":[{"count":14,"href":"https:\/\/masiatinet.com\/fr\/wp-json\/wp\/v2\/pages\/945\/revisions"}],"predecessor-version":[{"id":1208,"href":"https:\/\/masiatinet.com\/fr\/wp-json\/wp\/v2\/pages\/945\/revisions\/1208"}],"wp:attachment":[{"href":"https:\/\/masiatinet.com\/fr\/wp-json\/wp\/v2\/media?parent=945"}],"curies":[{"name":"wp","href":"https:\/\/api.w.org\/{rel}","templated":true}]}}