{"id":951,"date":"2022-02-03T16:00:32","date_gmt":"2022-02-03T15:00:32","guid":{"rendered":"http:\/\/masiatinet.com\/?page_id=951"},"modified":"2022-06-29T12:21:31","modified_gmt":"2022-06-29T10:21:31","slug":"politica-de-privacitat-rrss","status":"publish","type":"page","link":"https:\/\/masiatinet.com\/fr\/politica-de-privacitat-rrss\/","title":{"rendered":"Politique de confidentialit\u00e9 des r\u00e9seaux sociaux"},"content":{"rendered":"<div data-elementor-type=\"wp-page\" data-elementor-id=\"951\" class=\"elementor elementor-951\" data-elementor-post-type=\"page\">\n\t\t\t\t\t\t<section class=\"elementor-section elementor-top-section elementor-element elementor-element-39e02f5 elementor-section-boxed elementor-section-height-default elementor-section-height-default\" data-id=\"39e02f5\" data-element_type=\"section\" data-e-type=\"section\">\n\t\t\t\t\t\t<div class=\"elementor-container elementor-column-gap-default\">\n\t\t\t\t\t<div class=\"elementor-column elementor-col-100 elementor-top-column elementor-element elementor-element-8933bf9\" data-id=\"8933bf9\" data-element_type=\"column\" data-e-type=\"column\">\n\t\t\t<div class=\"elementor-widget-wrap elementor-element-populated\">\n\t\t\t\t\t\t<div class=\"elementor-element elementor-element-a593e22 animated-slow elementor-invisible elementor-widget elementor-widget-heading\" data-id=\"a593e22\" data-element_type=\"widget\" data-e-type=\"widget\" data-settings=\"{&quot;_animation&quot;:&quot;fadeIn&quot;}\" data-widget_type=\"heading.default\">\n\t\t\t\t<div class=\"elementor-widget-container\">\n\t\t\t\t\t<h1 class=\"elementor-heading-title elementor-size-default\">RRSS\u00a0: Politique de confidentialit\u00e9<\/h1>\t\t\t\t<\/div>\n\t\t\t\t<\/div>\n\t\t\t\t<div class=\"elementor-element elementor-element-9ed6522 elementor-widget elementor-widget-text-editor\" data-id=\"9ed6522\" data-element_type=\"widget\" data-e-type=\"widget\" data-widget_type=\"text-editor.default\">\n\t\t\t\t<div class=\"elementor-widget-container\">\n\t\t\t\t\t\t\t\t\t<p class=\"p1\">POLITIQUE DE CONFIDENTIALIT\u00c9 R\u00c9SEAUX SOCIAUX<\/p>\t\t\t\t\t\t\t\t<\/div>\n\t\t\t\t<\/div>\n\t\t\t\t<div class=\"elementor-element elementor-element-596f34e animated-slow legal elementor-invisible elementor-widget elementor-widget-text-editor\" data-id=\"596f34e\" data-element_type=\"widget\" data-e-type=\"widget\" data-settings=\"{&quot;_animation&quot;:&quot;fadeIn&quot;,&quot;_animation_delay&quot;:300}\" data-widget_type=\"text-editor.default\">\n\t\t\t\t<div class=\"elementor-widget-container\">\n\t\t\t\t\t\t\t\t\t<ul><li aria-level=\"1\"><h5><b>INFORMATIONS \u00c0 L&#039;UTILISATEUR<\/b><\/h5><\/li><\/ul><h6>\u00a0<\/h6><h5><b>Qui est responsable du traitement de vos donn\u00e9es personnelles ?<\/b><\/h5><p><span style=\"font-weight: 400;\">AGUSTI IGNACIO FABRA (MASIA TINET), d\u00e9sormais, le <\/span><b>RESPONSABLE, <\/b><span style=\"font-weight: 400;\">informer le<\/span><b>UTILISATEUR <\/b><span style=\"font-weight: 400;\">qui a proc\u00e9d\u00e9 \u00e0 la cr\u00e9ation d&#039;un profil sur les r\u00e9seaux sociaux Facebook, Instagram, Twitter, LinkedIn, Youtube, Vimeo et Google+, qui est responsable du traitement des donn\u00e9es personnelles de l&#039;utilisateur effectu\u00e9 sur ces r\u00e9seaux sociaux et informe que ces donn\u00e9es seront trait\u00e9es conform\u00e9ment aux dispositions du r\u00e8glement (UE) 2016\/679 du 27 avril (GDPR) et de la loi organique 3\/2018 du 5 d\u00e9cembre (LOPDGDD), par lesquelles les informations de traitement suivantes vous sont fournies\u00a0:<\/span><\/p><h5>\u00a0<\/h5><h5><b>Pourquoi traitons-nous vos donn\u00e9es personnelles ?<\/b><\/h5><p><span style=\"text-decoration: underline;\"><b>But du traitement<\/b><\/span><span style=\"font-weight: 400;\">: maintenir une relation entre l&#039;UTILISATEUR et le RESPONSABLE qui peut inclure les op\u00e9rations suivantes\u00a0: Traiter les demandes et les demandes adress\u00e9es au responsable<\/span><\/p><p><span style=\"font-weight: 400;\">Informer sur les activit\u00e9s et \u00e9v\u00e9nements organis\u00e9s par le responsable Informer sur les produits ou services propos\u00e9s par le responsable Interagir via les profils officiels<\/span><\/p><h5>\u00a0<\/h5><h5><b>Pourquoi pouvons-nous traiter vos donn\u00e9es personnelles ?<\/b><\/h5><p><span style=\"text-decoration: underline;\"><b>Base juridique du traitement<\/b><\/span><span style=\"font-weight: 400;\">: article 6.1.a GDPR, l&#039;int\u00e9ress\u00e9 a donn\u00e9 son consentement au traitement de ses donn\u00e9es personnelles pour une ou plusieurs finalit\u00e9s sp\u00e9cifiques. L&#039;utilisateur a un profil sur le m\u00eame r\u00e9seau social et a d\u00e9cid\u00e9 de rejoindre le r\u00e9seau social du RESPONSABLE, tout en montrant de l&#039;int\u00e9r\u00eat pour les informations qui y sont publi\u00e9es, par cons\u00e9quent, lors de la demande de suivre nos profils officiels, vous nous donnez votre consentement pour le traitement des donn\u00e9es personnelles donn\u00e9es publi\u00e9es dans votre profil.<\/span><\/p><p><span style=\"font-weight: 400;\">L&#039;UTILISATEUR peut acc\u00e9der \u00e0 tout moment aux politiques de confidentialit\u00e9 du m\u00eame r\u00e9seau social et configurer son profil pour garantir sa confidentialit\u00e9.<\/span><\/p><p><span style=\"font-weight: 400;\">Le RESPONSABLE a acc\u00e8s et traite les informations publiques de l&#039;UTILISATEUR, en particulier son nom de contact. Ces donn\u00e9es ne sont utilis\u00e9es qu&#039;au sein du r\u00e9seau social lui-m\u00eame et ne seront incorpor\u00e9es dans un fichier du RESPONSABLE que lorsque cela sera n\u00e9cessaire pour traiter la demande de l&#039;UTILISATEUR.<\/span><\/p><h5>\u00a0<\/h5><h5><b>Combien de temps conserverons-nous vos donn\u00e9es personnelles ?<\/b><\/h5><p><span style=\"text-decoration: underline;\"><b>Crit\u00e8res de conservation des donn\u00e9es<\/b><\/span><span style=\"font-weight: 400;\">: elles seront conserv\u00e9es tant que l&#039;UTILISATEUR ne r\u00e9voque pas le consentement donn\u00e9 comme indiqu\u00e9 dans la pr\u00e9sente politique de confidentialit\u00e9.<\/span><\/p><h5>\u00a0<\/h5><h5><b>A qui fournissons-nous vos donn\u00e9es personnelles ?<\/b><\/h5><p><span style=\"text-decoration: underline;\"><b>Communication de donn\u00e9es<\/b><\/span><span style=\"font-weight: 400;\">: les informations fournies par l&#039;utilisateur via les r\u00e9seaux sociaux du RESPONSABLE, y compris ses donn\u00e9es personnelles, peuvent \u00eatre publi\u00e9es, toujours en fonction des services que l&#039;UTILISATEUR utilise, afin qu&#039;elles puissent \u00eatre accessibles publiquement \u00e0 d&#039;autres utilisateurs tiers des r\u00e9seaux sociaux. \u00c0 partir du profil de chaque r\u00e9seau social, l&#039;UTILISATEUR peut configurer les informations qu&#039;il souhaite rendre publiques dans chaque cas, voir les autorisations qui ont \u00e9t\u00e9 accord\u00e9es, les supprimer ou les d\u00e9sactiver, comme toute application tierce qui l&#039;a d\u00e9j\u00e0 fait. Je ne veux pas l&#039;utiliser.<\/span><\/p><p><span style=\"font-weight: 400;\">Aucune communication de donn\u00e9es personnelles \u00e0 des tiers en dehors du r\u00e9seau social n&#039;est pr\u00e9vue sauf, si elle \u00e9tait indispensable au d\u00e9veloppement et \u00e0 l&#039;ex\u00e9cution des finalit\u00e9s du traitement, \u00e0 nos prestataires de services li\u00e9s aux communications, avec <\/span><span style=\"font-weight: 400;\">pour lesquels le RESPONSABLE a formalis\u00e9 les contrats de confidentialit\u00e9 et de traitement des donn\u00e9es requis par la r\u00e9glementation en vigueur sur la confidentialit\u00e9.<\/span><\/p><h5>\u00a0<\/h5><h5><b>Quels sont vos droits ?<\/b><\/h5><p><span style=\"text-decoration: underline;\"><b>Droits dont dispose l&#039;utilisateur<\/b><\/span><span style=\"font-weight: 400;\">: ils ne peuvent \u00eatre exerc\u00e9s qu&#039;en relation avec les informations sous le contr\u00f4le du RESPONSABLE. Droit de retirer son consentement \u00e0 tout moment<\/span><\/p><p><span style=\"font-weight: 400;\">Droit d&#039;acc\u00e8s, de rectification, de portabilit\u00e9 et de suppression de vos donn\u00e9es et limitation ou opposition \u00e0 leur traitement<\/span><\/p><p><span style=\"font-weight: 400;\">Droit de d\u00e9poser une plainte aupr\u00e8s de l&#039;autorit\u00e9 de contr\u00f4le (www.aepd.es) si vous consid\u00e9rez que le traitement n&#039;est pas conforme \u00e0 la r\u00e9glementation en vigueur<\/span><\/p><h5>\u00a0<\/h5><p><span style=\"text-decoration: underline;\"><b>Coordonn\u00e9es pour exercer vos droits<\/b><span style=\"font-weight: 400;\">:<\/span><\/span><\/p><p><span style=\"font-weight: 400;\">AGUSTI IGNACIO FABRA (MASIA TINET). Barri lepanto, 13 \u2013 43580 Deltebre (Tarragone). E-mail: <\/span><a href=\"mailto:tinetnoe@hotmail.com\"><span style=\"font-weight: 400;\">tinetnoe@hotmail.com<\/span><\/a><\/p><h5><br \/><b><\/b><\/h5><ul><li aria-level=\"1\"><h5><b>UTILISATION DU PROFIL<\/b><\/h5><\/li><\/ul><p><span style=\"font-weight: 400;\">Le RESPONSABLE prendra les mesures suivantes : Acc\u00e8s aux informations publiques du profil <\/span><span style=\"font-weight: 400;\">Publication sur le profil de l&#039;UTILISATEUR de toutes les informations d\u00e9j\u00e0 publi\u00e9es sur le r\u00e9seau social du RESPONSABLE Envoyer des messages personnels et individuels via les canaux du r\u00e9seau social<\/span><\/p><p><span style=\"font-weight: 400;\">Mises \u00e0 jour du statut de la page \u00e0 publier sur le profil de l&#039;UTILISATEUR<\/span><\/p><p><span style=\"font-weight: 400;\">L&#039;UTILISATEUR peut toujours contr\u00f4ler ses connexions, supprimer les contenus qui ne l&#039;int\u00e9ressent plus et restreindre avec qui il partage ses connexions\u00a0; pour cela, vous devrez acc\u00e9der \u00e0 vos param\u00e8tres de confidentialit\u00e9.<\/span><\/p><h5><br \/><br \/><b><\/b><\/h5><ul><li aria-level=\"1\"><h5><b>PUBLICATIONS<\/b><\/h5><\/li><\/ul><h5>\u00a0<\/h5><p><span style=\"font-weight: 400;\">L&#039;UTILISATEUR, une fois qu&#039;il est abonn\u00e9 ou a rejoint le r\u00e9seau social du RESPONSABLE, peut publier des commentaires, des liens, des images, des photographies ou tout autre type de contenu multim\u00e9dia pris en charge par le r\u00e9seau. L&#039;UTILISATEUR, dans tous les cas, doit \u00eatre le propri\u00e9taire du contenu publi\u00e9, jouir des droits d&#039;auteur et de propri\u00e9t\u00e9 intellectuelle ou avoir le consentement des tiers concern\u00e9s.<\/span><\/p><p><span style=\"font-weight: 400;\">Toute publication sur le r\u00e9seau social est express\u00e9ment interdite, qu&#039;il s&#039;agisse de textes, graphiques, photographies, vid\u00e9os, etc. qui portent atteinte ou sont susceptibles de porter atteinte aux bonnes m\u0153urs, \u00e0 l&#039;\u00e9thique, au bon go\u00fbt ou \u00e0 la biens\u00e9ance, et\/ou qui portent atteinte ou violent les droits de propri\u00e9t\u00e9 intellectuelle ou industrielle, le droit \u00e0 l&#039;image ou la loi.<\/span><\/p><p><span style=\"font-weight: 400;\">Dans ces cas, le RESPONSABLE se r\u00e9serve le droit de retirer imm\u00e9diatement le contenu, sans communication pr\u00e9alable, et peut demander le blocage permanent de l&#039;UTILISATEUR.<\/span><\/p><p><span style=\"font-weight: 400;\">Le RESPONSABLE ne sera pas responsable du contenu qu&#039;un UTILISATEUR a librement publi\u00e9.<\/span><\/p><p><span style=\"font-weight: 400;\">L&#039;UTILISATEUR doit garder \u00e0 l&#039;esprit que ses publications seront vues par d&#039;autres utilisateurs, de sorte qu&#039;il est lui-m\u00eame le premier responsable de sa vie priv\u00e9e.<\/span><\/p><p><span style=\"font-weight: 400;\">Les images pouvant \u00eatre publi\u00e9es sur le r\u00e9seau social ne seront stock\u00e9es dans aucun fichier par le RESPONSABLE, mais resteront sur le r\u00e9seau social.<\/span><\/p><h5><br \/><br \/><b><\/b><\/h5><ul><li aria-level=\"1\"><h5><b>DONN\u00c9ES DES MINEURS OU DES PERSONNES AYANT DES CAPACIT\u00c9S SP\u00c9CIALES<\/b><span style=\"font-weight: 400;\"><br \/><\/span><\/h5><\/li><\/ul><p><span style=\"font-weight: 400;\">Il est interdit aux enfants de moins de 18 ans d&#039;acc\u00e9der et de s&#039;inscrire sur les r\u00e9seaux sociaux du RESPONSABLE. En revanche, si l&#039;UTILISATEUR dispose de capacit\u00e9s particuli\u00e8res, l&#039;intervention du titulaire de l&#039;autorit\u00e9 parentale ou de la tutelle, ou de son repr\u00e9sentant l\u00e9gal au moyen d&#039;un document en cours de validit\u00e9 attestant la repr\u00e9sentation, sera n\u00e9cessaire.<\/span><\/p><p><span style=\"font-weight: 400;\">Le RESPONSABLE est express\u00e9ment exon\u00e9r\u00e9 de toute responsabilit\u00e9 qui pourrait d\u00e9couler de l&#039;utilisation des r\u00e9seaux sociaux par des mineurs ou des personnes ayant des capacit\u00e9s particuli\u00e8res. Les r\u00e9seaux sociaux du RESPONSABLE ne collectent sciemment aucune information personnelle de mineurs, par cons\u00e9quent, si l&#039;UTILISATEUR est mineur, il ne doit pas s&#039;inscrire, ni utiliser les r\u00e9seaux sociaux du RESPONSABLE, ni fournir d&#039;informations personnelles.<\/span><\/p><h5><br \/><br \/><\/h5>\t\t\t\t\t\t\t\t<\/div>\n\t\t\t\t<\/div>\n\t\t\t\t\t<\/div>\n\t\t<\/div>\n\t\t\t\t\t<\/div>\n\t\t<\/section>\n\t\t\t\t<\/div>","protected":false},"excerpt":{"rendered":"<p>RRSS: Pol\u00edtica de PRIVACITAT POL\u00cdTICA DE PRIVACITAT XARXES SOCIALS INFORMACI\u00d3 A L\u2019USUARI &nbsp; Qui \u00e9s el responsable del tractament de les teves dades personals? AGUSTI IGNACIO FABRA (MASIA TINET), d\u2019ara endavant, el RESPONSABLE, informa l\u2019USUARI que ha procedit a crear un perfil a les xarxes socials Facebook, Instagram, Twitter, LinkedIn, Youtube, Vimeo i Google+, que [&hellip;]<\/p>\n","protected":false},"author":1,"featured_media":0,"parent":0,"menu_order":0,"comment_status":"closed","ping_status":"closed","template":"elementor_header_footer","meta":{"_acf_changed":false,"_joinchat":[],"footnotes":""},"class_list":["post-951","page","type-page","status-publish","hentry"],"acf":[],"_links":{"self":[{"href":"https:\/\/masiatinet.com\/fr\/wp-json\/wp\/v2\/pages\/951","targetHints":{"allow":["GET"]}}],"collection":[{"href":"https:\/\/masiatinet.com\/fr\/wp-json\/wp\/v2\/pages"}],"about":[{"href":"https:\/\/masiatinet.com\/fr\/wp-json\/wp\/v2\/types\/page"}],"author":[{"embeddable":true,"href":"https:\/\/masiatinet.com\/fr\/wp-json\/wp\/v2\/users\/1"}],"replies":[{"embeddable":true,"href":"https:\/\/masiatinet.com\/fr\/wp-json\/wp\/v2\/comments?post=951"}],"version-history":[{"count":5,"href":"https:\/\/masiatinet.com\/fr\/wp-json\/wp\/v2\/pages\/951\/revisions"}],"predecessor-version":[{"id":1210,"href":"https:\/\/masiatinet.com\/fr\/wp-json\/wp\/v2\/pages\/951\/revisions\/1210"}],"wp:attachment":[{"href":"https:\/\/masiatinet.com\/fr\/wp-json\/wp\/v2\/media?parent=951"}],"curies":[{"name":"wp","href":"https:\/\/api.w.org\/{rel}","templated":true}]}}