{"id":961,"date":"2022-02-03T16:42:15","date_gmt":"2022-02-03T15:42:15","guid":{"rendered":"http:\/\/masiatinet.com\/?page_id=961"},"modified":"2022-06-29T12:15:43","modified_gmt":"2022-06-29T10:15:43","slug":"garanties-de-la-venda","status":"publish","type":"page","link":"https:\/\/masiatinet.com\/fr\/garanties-de-la-venda\/","title":{"rendered":"Garanties de la vente"},"content":{"rendered":"<div data-elementor-type=\"wp-page\" data-elementor-id=\"961\" class=\"elementor elementor-961\" data-elementor-post-type=\"page\">\n\t\t\t\t\t\t<section class=\"elementor-section elementor-top-section elementor-element elementor-element-fbe299e elementor-section-boxed elementor-section-height-default elementor-section-height-default\" data-id=\"fbe299e\" data-element_type=\"section\" data-e-type=\"section\">\n\t\t\t\t\t\t<div class=\"elementor-container elementor-column-gap-default\">\n\t\t\t\t\t<div class=\"elementor-column elementor-col-100 elementor-top-column elementor-element elementor-element-f04ac74\" data-id=\"f04ac74\" data-element_type=\"column\" data-e-type=\"column\">\n\t\t\t<div class=\"elementor-widget-wrap elementor-element-populated\">\n\t\t\t\t\t\t<div class=\"elementor-element elementor-element-b5af897 animated-slow elementor-invisible elementor-widget elementor-widget-heading\" data-id=\"b5af897\" data-element_type=\"widget\" data-e-type=\"widget\" data-settings=\"{&quot;_animation&quot;:&quot;fadeIn&quot;}\" data-widget_type=\"heading.default\">\n\t\t\t\t<div class=\"elementor-widget-container\">\n\t\t\t\t\t<h1 class=\"elementor-heading-title elementor-size-default\">Informations sur les garanties pour la vente de biens de consommation<\/h1>\t\t\t\t<\/div>\n\t\t\t\t<\/div>\n\t\t\t\t<div class=\"elementor-element elementor-element-d4174d2 elementor-widget elementor-widget-text-editor\" data-id=\"d4174d2\" data-element_type=\"widget\" data-e-type=\"widget\" data-widget_type=\"text-editor.default\">\n\t\t\t\t<div class=\"elementor-widget-container\">\n\t\t\t\t\t\t\t\t\t<p class=\"p1\" style=\"text-align: left;\">E-COMMERCE (INFOS)<\/p>\t\t\t\t\t\t\t\t<\/div>\n\t\t\t\t<\/div>\n\t\t\t\t<div class=\"elementor-element elementor-element-c376434 animated-slow legal elementor-invisible elementor-widget elementor-widget-text-editor\" data-id=\"c376434\" data-element_type=\"widget\" data-e-type=\"widget\" data-settings=\"{&quot;_animation&quot;:&quot;fadeIn&quot;,&quot;_animation_delay&quot;:300}\" data-widget_type=\"text-editor.default\">\n\t\t\t\t<div class=\"elementor-widget-container\">\n\t\t\t\t\t\t\t\t\t<h5><b>Marchandises r\u00e9glement\u00e9es par la loi<\/b><\/h5><p><span style=\"font-weight: 400;\">La Loi des Garanties s&#039;applique aux biens mobiliers destin\u00e9s \u00e0 la consommation priv\u00e9e, c&#039;est-\u00e0-dire aux biens de consommation : d&#039;un appareil \u00e9lectrique \u00e0 un v\u00e9hicule, en passant par les meubles, les objets de toutes sortes, voire les \u0153uvres d&#039;art. Les services et l&#039;immobilier sont \u00e9limin\u00e9s, en raison de leur nature.<\/span><\/p><p><span style=\"font-weight: 400;\">La loi exclut l&#039;achat et la vente entre particuliers.<\/span><\/p><p>\u00a0<\/p><p><span style=\"font-weight: 400;\">Pour les biens de consommation neufs, la garantie est de deux ans, tandis que pour les produits d&#039;occasion, la garantie est d&#039;un an. Pendant les six premiers mois d&#039;une garantie de produit neuf, les dommages sont suppos\u00e9s \u00eatre des dommages d&#039;usine et le vendeur doit supporter tous les frais de r\u00e9paration, y compris les pi\u00e8ces, l&#039;exp\u00e9dition et la main-d&#039;\u0153uvre. La p\u00e9riode de garantie sera suspendue pendant la dur\u00e9e de la r\u00e9paration du produit ou de l&#039;objet.<\/span><\/p><p><br \/><br \/><\/p><h5><b>Produit en bon \u00e9tat<\/b><\/h5><p><span style=\"font-weight: 400;\">La loi consid\u00e8re qu&#039;un consommateur doit \u00eatre satisfait du produit achet\u00e9 s&#039;il r\u00e9pond aux exigences suivantes : le produit est conforme \u00e0 la description donn\u00e9e par le vendeur et poss\u00e8de les qualit\u00e9s d\u00e9montr\u00e9es par une d\u00e9monstration ou un mod\u00e8le. Il doit \u00e9galement servir comme indiqu\u00e9 dans le manuel d&#039;instructions ainsi que dans les instructions verbales donn\u00e9es par le vendeur ou dans une vid\u00e9o de d\u00e9monstration. La publicit\u00e9, les indications refl\u00e9t\u00e9es dans une \u00e9tiquette ou un usage donn\u00e9 par les caract\u00e9ristiques propres du produit tiennent \u00e9galement lieu d&#039;usage courant. Cela doit \u00e9galement \u00eatre le cas si le consommateur demande une utilisation sp\u00e9ciale et que le vendeur lui assure que le bien qu&#039;il a acquis lui en fournira. De plus, le produit achet\u00e9 doit pr\u00e9senter les qualit\u00e9s et comportements appropri\u00e9s. Ainsi, un autocuiseur doit cuire plus rapidement qu&#039;une marmite traditionnelle.<\/span><\/p><p><br \/><br \/><\/p><h5><b>Application de la loi<\/b><\/h5><p><span style=\"font-weight: 400;\">La loi oblige le vendeur de biens de consommation, d&#039;une part, et les consommateurs en tant que destinataires finaux, d&#039;autre part. En d&#039;autres termes, les contrats conclus entre particuliers sont exclus, puisque la loi ne pr\u00e9voit que l&#039;achat et la vente entre un vendeur professionnel et un consommateur.<\/span><\/p><p>\u00a0<\/p><p><span style=\"font-weight: 400;\">Elle s&#039;applique chaque fois qu&#039;un bien de consommation est achet\u00e9, c&#039;est-\u00e0-dire tout objet ou produit destin\u00e9 \u00e0 la consommation priv\u00e9e. Les biens acquis lors d&#039;une vente judiciaire (vente aux ench\u00e8res des biens confisqu\u00e9s) sont exclus. La distribution d&#039;eau ou de gaz non conditionn\u00e9 pour la vente n&#039;est pas non plus soumise \u00e0 cette loi.<\/span><\/p><p><br \/><br \/><\/p><h5><b>R\u00e9clamation en cas d&#039;erreur de produit<\/b><\/h5><p><span style=\"font-weight: 400;\">Le premier responsable du produit est le vendeur. Cependant, le consommateur peut s&#039;adresser directement au fabricant ou \u00e0 l&#039;importateur, s&#039;il est difficile de s&#039;adresser au vendeur. Par exemple, si lors de vacances hors de la maison un appareil photo num\u00e9rique a \u00e9t\u00e9 achet\u00e9 qui ne correspond pas \u00e0 ce qui \u00e9tait offert en magasin, il est plus facile pour le consommateur de se tourner vers le fabricant ou l&#039;importateur que vers l&#039;\u00e9tablissement o\u00f9 il l&#039;a achet\u00e9.<\/span><\/p><p><span style=\"font-weight: 400;\">Dans le cas o\u00f9 le produit ne r\u00e9pondrait pas aux caract\u00e9ristiques annonc\u00e9es, le consommateur pourra choisir entre la r\u00e9paration du bien ou son remplacement, sauf si celui-ci est impossible ou disproportionn\u00e9. Si la r\u00e9paration ou le remplacement n&#039;est pas possible ou est disproportionn\u00e9, le consommateur peut opter pour une r\u00e9duction de prix appropri\u00e9e ou pour la r\u00e9siliation du contrat, c&#039;est-\u00e0-dire la restitution du prix.<\/span><\/p><p>\u00a0<\/p><p><span style=\"font-weight: 400;\">Le consommateur ne peut exiger le remplacement s&#039;il s&#039;agit de biens d&#039;occasion ou de biens irr\u00e9cup\u00e9rables. Par exemple, le remplacement ne peut \u00eatre exig\u00e9 si ce bien n&#039;est plus fabriqu\u00e9 ou s&#039;il n&#039;y a plus de stock, si un v\u00e9hicule d&#039;occasion est achet\u00e9 et qu&#039;en raison de l&#039;impossibilit\u00e9 en cause, une \u0153uvre d&#039;art, une antiquit\u00e9 ou un conception de v\u00eatements exclusifs. Le remplacement est disproportionn\u00e9 s&#039;il s&#039;agit d&#039;un petit d\u00e9faut facile \u00e0 r\u00e9parer. La <\/span><span style=\"font-weight: 400;\">la r\u00e9paration est disproportionn\u00e9e si elle n&#039;est pas rentable, c&#039;est-\u00e0-dire si la r\u00e9paration co\u00fbte plus cher que la valeur du bien.<\/span><\/p><p><br \/><br \/><\/p><h5><b>P\u00e9riodes de r\u00e9clamation<\/b><\/h5><p><span style=\"font-weight: 400;\">Le consommateur doit signaler l&#039;erreur dans les deux mois suivant sa d\u00e9tection. En ce sens, si le probl\u00e8me est apparu au cours des six mois suivant l&#039;achat du produit, le vendeur doit rendre la garantie effective, car dans ce laps de temps, on suppose que le probl\u00e8me vient de l&#039;usine. Toutefois, si ces six mois se sont \u00e9coul\u00e9s, c&#039;est au consommateur de prouver que l&#039;erreur provient de l&#039;usine et qu&#039;elle n&#039;a pas \u00e9t\u00e9 caus\u00e9e par une mauvaise utilisation du produit.<\/span><\/p><p>\u00a0<\/p><p><span style=\"font-weight: 400;\">La Loi pr\u00e9cise que pendant les six mois suivant la d\u00e9livrance du bien r\u00e9par\u00e9, le vendeur est responsable des fautes ayant entra\u00een\u00e9 la r\u00e9paration, \u00e0 supposer qu&#039;il s&#039;agisse de la m\u00eame faute s&#039;il se produit des d\u00e9fauts de m\u00eame nature que ceux initialement r\u00e9par\u00e9s. Pour que cette garantie de r\u00e9paration soit effective, le consommateur doit conserver la preuve de la r\u00e9paration et du service technique qui, \u00e0 l&#039;\u00e9poque, a r\u00e9par\u00e9 le produit.<\/span><\/p><p><br \/><br \/><\/p><h5><b>Erreur apr\u00e8s r\u00e9paration ou remplacement<\/b><\/h5><p><span style=\"font-weight: 400;\">La loi pr\u00e9voit ces possibilit\u00e9s\u00a0: si le consommateur a pr\u00e9f\u00e9r\u00e9 le remplacement d&#039;un produit d\u00e9fectueux par un autre du m\u00eame type, il peut demander au vendeur une r\u00e9paration, tant qu&#039;elle n&#039;est pas disproportionn\u00e9e, une r\u00e9duction du prix ou le remboursement du montant . Dans le cas contraire, si face \u00e0 une erreur sur un produit il a \u00e9t\u00e9 pr\u00e9f\u00e9r\u00e9 de le r\u00e9parer, le consommateur peut exiger un \u00e9change, une r\u00e9duction de prix ou la restitution de l&#039;int\u00e9gralit\u00e9 des sommes vers\u00e9es.<\/span><\/p><p><span style=\"font-weight: 400;\">Mais la Loi ne pr\u00e9cise ni le montant ni le type de r\u00e9duction de prix que le vendeur doit faire au consommateur dans le cas o\u00f9 c&#039;est l&#039;option choisie. Ainsi, les deux parties impliqu\u00e9es dans l&#039;achat et la vente sont oblig\u00e9es de parvenir \u00e0 des accords satisfaisants pour les deux parties.<\/span><\/p><p><br \/><br \/><\/p><h5><b>Refuser de r\u00e9parer, baisser le prix ou rembourser le montant<\/b><\/h5><p><span style=\"font-weight: 400;\">Si nous sommes dans les six premiers mois, nous devons exiger la r\u00e9paration et demander la feuille de r\u00e9clamation et insister, m\u00eame jusqu&#039;\u00e0 ce que nous arrivions \u00e0 un proc\u00e8s. On suppose que l&#039;erreur existait d\u00e9j\u00e0. Mais si les six premiers mois sont d\u00e9j\u00e0 pass\u00e9s, nous sommes dans la situation inverse. C&#039;est le consommateur qui doit prouver que le produit a \u00e9t\u00e9 achet\u00e9 avec l&#039;erreur.<\/span><\/p><p>\u00a0<\/p><p><span style=\"font-weight: 400;\">Dans tous les cas, le consommateur devra n\u00e9gocier et, s&#039;il n&#039;est pas d&#039;accord avec la remise propos\u00e9e par le vendeur, il pourra se tourner vers un \u00e9valuateur pour d\u00e9terminer le prix du produit apr\u00e8s r\u00e9paration et demander une r\u00e9duction de prix dans ce sens.<\/span><\/p><p><br \/><br \/><\/p><h5><b>Mode d&#039;emploi et mauvaise installation<\/b><\/h5><p><span style=\"font-weight: 400;\">Si un consommateur utilise abusivement un produit parce que le manuel d&#039;instructions est incorrect, la loi sur la garantie prot\u00e8ge le consommateur et peut exiger une r\u00e9paration ou un remplacement. De m\u00eame, si l&#039;erreur est caus\u00e9e par une mauvaise installation caus\u00e9e \u00e0 la fois par de mauvaises instructions dans le manuel et par les techniciens envoy\u00e9s par le vendeur, ce dernier est \u00e9galement responsable.<\/span><\/p><p><br \/><br \/><\/p><h5><b>En cas de r\u00e9paration ou de transfert \u00e0 un service technique, que doit payer le consommateur ?<\/b><\/h5><p><span style=\"font-weight: 400;\">rien Pendant la p\u00e9riode d&#039;application de la garantie, le vendeur ou le producteur doit supporter les frais de d\u00e9placement, les pi\u00e8ces et le temps de r\u00e9paration. De plus, tant que le produit est au service technique, la p\u00e9riode de garantie est suspendue. En d&#039;autres termes, l&#039;horloge ne tourne pas. D&#039;autre part, outre le fait d&#039;exiger l&#039;application de la garantie (r\u00e9paration, \u00e9change, r\u00e9duction du prix ou remboursement du montant), le consommateur peut exiger l&#039;indemnisation des dommages r\u00e9sultant de la panne et du d\u00e9lai de r\u00e9paration Par exemple, si un utilisateur ach\u00e8te un r\u00e9frig\u00e9rateur qui tombe en panne apr\u00e8s un <\/span><span style=\"font-weight: 400;\">semaine apr\u00e8s l&#039;avoir achet\u00e9, en plus de demander l&#039;entr\u00e9e en vigueur de la garantie, l&#039;utilisateur peut exiger une indemnisation pour les aliments qui ont \u00e9t\u00e9 endommag\u00e9s en raison du dysfonctionnement de l&#039;appareil.<\/span><\/p><p>\u00a0<\/p><h5><b>Garantie commerciale<\/b><\/h5><p><span style=\"font-weight: 400;\">La garantie commerciale est celle que le fabricant, le distributeur ou le vendeur accorde et qui doit toujours d\u00e9passer celle offerte par la loi, puisque cette derni\u00e8re s&#039;entend comme le minimum requis par le consommateur. C&#039;est aussi un outil marketing pour les entreprises. Toutefois, la garantie doit r\u00e9pondre \u00e0 certaines exigences, telles que pr\u00e9ciser \u00e0 quoi elle s&#039;applique, l&#039;objet ou le produit couvert par ladite garantie, ainsi que le nom et l&#039;adresse de la personne qui l&#039;offre.<\/span><\/p>\t\t\t\t\t\t\t\t<\/div>\n\t\t\t\t<\/div>\n\t\t\t\t\t<\/div>\n\t\t<\/div>\n\t\t\t\t\t<\/div>\n\t\t<\/section>\n\t\t\t\t<\/div>","protected":false},"excerpt":{"rendered":"<p>Informaci\u00f3 sobre les garanties de la venda de b\u00e9ns de consum E-COMMERCE (INFO) B\u00e9ns regulats per la llei La Llei de Garanties s\u2019aplica sobre els b\u00e9ns mobles de consum privat, \u00e9s a dir, els b\u00e9ns de consum: des d\u2019un electrodom\u00e8stic fins a un vehicle, passant per mobles, objectes de tot tipus, fins i tot obres [&hellip;]<\/p>\n","protected":false},"author":1,"featured_media":0,"parent":0,"menu_order":0,"comment_status":"closed","ping_status":"closed","template":"elementor_header_footer","meta":{"_acf_changed":false,"_joinchat":[],"footnotes":""},"class_list":["post-961","page","type-page","status-publish","hentry"],"acf":[],"_links":{"self":[{"href":"https:\/\/masiatinet.com\/fr\/wp-json\/wp\/v2\/pages\/961","targetHints":{"allow":["GET"]}}],"collection":[{"href":"https:\/\/masiatinet.com\/fr\/wp-json\/wp\/v2\/pages"}],"about":[{"href":"https:\/\/masiatinet.com\/fr\/wp-json\/wp\/v2\/types\/page"}],"author":[{"embeddable":true,"href":"https:\/\/masiatinet.com\/fr\/wp-json\/wp\/v2\/users\/1"}],"replies":[{"embeddable":true,"href":"https:\/\/masiatinet.com\/fr\/wp-json\/wp\/v2\/comments?post=961"}],"version-history":[{"count":5,"href":"https:\/\/masiatinet.com\/fr\/wp-json\/wp\/v2\/pages\/961\/revisions"}],"predecessor-version":[{"id":1203,"href":"https:\/\/masiatinet.com\/fr\/wp-json\/wp\/v2\/pages\/961\/revisions\/1203"}],"wp:attachment":[{"href":"https:\/\/masiatinet.com\/fr\/wp-json\/wp\/v2\/media?parent=961"}],"curies":[{"name":"wp","href":"https:\/\/api.w.org\/{rel}","templated":true}]}}